{"id":494,"date":"2025-10-31T13:50:32","date_gmt":"2025-10-31T16:50:32","guid":{"rendered":"https:\/\/reidastelhas.com.br\/loja\/?page_id=494"},"modified":"2025-11-25T11:14:47","modified_gmt":"2025-11-25T14:14:47","slug":"sobre","status":"publish","type":"page","link":"https:\/\/reidastelhas.com.br\/loja\/sobre\/","title":{"rendered":"Sobre"},"content":{"rendered":"\t\t<div data-elementor-type=\"wp-page\" data-elementor-id=\"494\" class=\"elementor elementor-494\" data-elementor-post-type=\"page\">\n\t\t\t\t\t\t<section class=\"elementor-section elementor-top-section elementor-element elementor-element-2498422 elementor-section-boxed elementor-section-height-default elementor-section-height-default\" data-id=\"2498422\" data-element_type=\"section\" data-e-type=\"section\">\n\t\t\t\t\t\t<div class=\"elementor-container elementor-column-gap-default\">\n\t\t\t\t\t<div class=\"elementor-column elementor-col-100 elementor-top-column elementor-element elementor-element-ce4e71f\" data-id=\"ce4e71f\" data-element_type=\"column\" data-e-type=\"column\">\n\t\t\t<div class=\"elementor-widget-wrap elementor-element-populated\">\n\t\t\t\t\t\t<section class=\"elementor-section elementor-inner-section elementor-element elementor-element-9100d4f elementor-section-boxed elementor-section-height-default elementor-section-height-default\" data-id=\"9100d4f\" data-element_type=\"section\" data-e-type=\"section\">\n\t\t\t\t\t\t<div class=\"elementor-container elementor-column-gap-default\">\n\t\t\t\t\t<div class=\"elementor-column elementor-col-100 elementor-inner-column elementor-element elementor-element-debc8a1\" data-id=\"debc8a1\" data-element_type=\"column\" data-e-type=\"column\">\n\t\t\t<div class=\"elementor-widget-wrap elementor-element-populated\">\n\t\t\t\t\t\t<div class=\"elementor-element elementor-element-95742b3 elementor-widget elementor-widget-heading\" data-id=\"95742b3\" data-element_type=\"widget\" data-e-type=\"widget\" data-widget_type=\"heading.default\">\n\t\t\t\t\t<h2 class=\"elementor-heading-title elementor-size-default\">Conhe\u00e7a a nossa hist\u00f3ria:<\/h2>\t\t\t\t<\/div>\n\t\t\t\t<div class=\"elementor-element elementor-element-9a8fa3a elementor-widget elementor-widget-text-editor\" data-id=\"9a8fa3a\" data-element_type=\"widget\" data-e-type=\"widget\" data-widget_type=\"text-editor.default\">\n\t\t\t\t\t\t\t\t\t<p class=\"cvGsUA direction-ltr align-start para-style-body\"><span class=\"a_GcMg font-feature-liga-off font-feature-clig-off font-feature-calt-off text-decoration-none text-strikethrough-none\">O Rei das Telhas nasceu em 1996, em Joinville\/SC, dando continuidade a uma <strong>tradi\u00e7\u00e3o familiar iniciada em 1938<\/strong>, com a antiga Olaria Ot\u00e1vio em Sombrio\/SC.<\/span><\/p><p class=\"cvGsUA direction-ltr align-start para-style-body\"><span class=\"a_GcMg font-feature-liga-off font-feature-clig-off font-feature-calt-off text-decoration-none text-strikethrough-none\">De gera\u00e7\u00e3o em gera\u00e7\u00e3o, <strong>a fam\u00edlia Cardoso transformou o pequeno neg\u00f3cio em uma empresa s\u00f3lida e reconhecida<\/strong> no setor de materiais para constru\u00e7\u00e3o.<\/span><\/p><p class=\"cvGsUA direction-ltr align-start para-style-body\"><span class=\"a_GcMg font-feature-liga-off font-feature-clig-off font-feature-calt-off text-decoration-none text-strikethrough-none\">Hoje, com quatro lojas \u2014 em <strong>Joinville, Jaragu\u00e1 do Sul, Itaja\u00ed e Porto Belo<\/strong> \u2014, o Rei das Telhas oferece uma ampla linha de telhas, tijolos, pisos, revestimentos, artefatos de concreto e acess\u00f3rios.<\/span><\/p><p class=\"cvGsUA direction-ltr align-start para-style-body\"><span class=\"a_GcMg font-feature-liga-off font-feature-clig-off font-feature-calt-off text-decoration-none text-strikethrough-none\">Somos uma empresa movida por tradi\u00e7\u00e3o, qualidade e f\u00e9, buscando sempre oferecer o melhor aos nossos clientes.<\/span><\/p><p class=\"cvGsUA direction-ltr align-start para-style-body\"><span class=\"a_GcMg font-feature-liga-off font-feature-clig-off font-feature-calt-off text-decoration-none text-strikethrough-none\">Temos Deus em cada detalhe.<\/span><\/p>\t\t\t\t\t\t\t\t<\/div>\n\t\t\t\t\t<\/div>\n\t\t<\/div>\n\t\t\t\t\t<\/div>\n\t\t<\/section>\n\t\t\t\t\t<\/div>\n\t\t<\/div>\n\t\t\t\t\t<\/div>\n\t\t<\/section>\n\t\t\t\t<section class=\"elementor-section elementor-top-section elementor-element elementor-element-64faa4b elementor-section-boxed elementor-section-height-default elementor-section-height-default\" data-id=\"64faa4b\" data-element_type=\"section\" data-e-type=\"section\">\n\t\t\t\t\t\t<div class=\"elementor-container elementor-column-gap-default\">\n\t\t\t\t\t<div class=\"elementor-column elementor-col-100 elementor-top-column elementor-element elementor-element-43a533b\" data-id=\"43a533b\" data-element_type=\"column\" data-e-type=\"column\">\n\t\t\t<div class=\"elementor-widget-wrap elementor-element-populated\">\n\t\t\t\t\t\t<section class=\"elementor-section elementor-inner-section elementor-element elementor-element-fb547a7 elementor-section-boxed elementor-section-height-default elementor-section-height-default\" data-id=\"fb547a7\" data-element_type=\"section\" data-e-type=\"section\">\n\t\t\t\t\t\t<div class=\"elementor-container elementor-column-gap-default\">\n\t\t\t\t\t<div class=\"elementor-column elementor-col-50 elementor-inner-column elementor-element elementor-element-c1b059f\" data-id=\"c1b059f\" data-element_type=\"column\" data-e-type=\"column\">\n\t\t\t<div class=\"elementor-widget-wrap elementor-element-populated\">\n\t\t\t\t\t\t<div class=\"elementor-element elementor-element-d353de8 elementor-widget elementor-widget-image\" data-id=\"d353de8\" data-element_type=\"widget\" data-e-type=\"widget\" data-widget_type=\"image.default\">\n\t\t\t\t\t\t\t\t\t\t\t\t\t\t\t<img fetchpriority=\"high\" decoding=\"async\" width=\"285\" height=\"200\" src=\"https:\/\/reidastelhas.com.br\/loja\/wp-content\/uploads\/2025\/11\/WhatsApp-Image-2025-11-25-at-10.36.50.jpeg\" class=\"attachment-large size-large wp-image-1824\" alt=\"\" \/>\t\t\t\t\t\t\t\t\t\t\t\t\t\t\t<\/div>\n\t\t\t\t\t<\/div>\n\t\t<\/div>\n\t\t\t\t<div class=\"elementor-column elementor-col-50 elementor-inner-column elementor-element elementor-element-9cfdd47\" data-id=\"9cfdd47\" data-element_type=\"column\" data-e-type=\"column\">\n\t\t\t<div class=\"elementor-widget-wrap elementor-element-populated\">\n\t\t\t\t\t\t<div class=\"elementor-element elementor-element-44d63a3 elementor-widget elementor-widget-image\" data-id=\"44d63a3\" data-element_type=\"widget\" data-e-type=\"widget\" data-widget_type=\"image.default\">\n\t\t\t\t\t\t\t\t\t\t\t\t\t\t\t<img decoding=\"async\" width=\"1920\" height=\"1330\" src=\"https:\/\/reidastelhas.com.br\/loja\/wp-content\/uploads\/2025\/11\/IMG-e1764079853484.webp\" class=\"attachment-full size-full wp-image-1842\" alt=\"\" srcset=\"https:\/\/reidastelhas.com.br\/loja\/wp-content\/uploads\/2025\/11\/IMG-e1764079853484.webp 1920w, https:\/\/reidastelhas.com.br\/loja\/wp-content\/uploads\/2025\/11\/IMG-e1764079853484-300x208.webp 300w, https:\/\/reidastelhas.com.br\/loja\/wp-content\/uploads\/2025\/11\/IMG-e1764079853484-1024x709.webp 1024w, https:\/\/reidastelhas.com.br\/loja\/wp-content\/uploads\/2025\/11\/IMG-e1764079853484-768x532.webp 768w, https:\/\/reidastelhas.com.br\/loja\/wp-content\/uploads\/2025\/11\/IMG-e1764079853484-1536x1064.webp 1536w, https:\/\/reidastelhas.com.br\/loja\/wp-content\/uploads\/2025\/11\/IMG-e1764079853484-600x416.webp 600w\" sizes=\"(max-width: 1920px) 100vw, 1920px\" \/>\t\t\t\t\t\t\t\t\t\t\t\t\t\t\t<\/div>\n\t\t\t\t\t<\/div>\n\t\t<\/div>\n\t\t\t\t\t<\/div>\n\t\t<\/section>\n\t\t\t\t\t<\/div>\n\t\t<\/div>\n\t\t\t\t\t<\/div>\n\t\t<\/section>\n\t\t\t\t<\/div>\n\t\t","protected":false},"excerpt":{"rendered":"<p>Conhe\u00e7a a nossa hist\u00f3ria: O Rei das Telhas nasceu em 1996, em Joinville\/SC, dando continuidade a uma tradi\u00e7\u00e3o familiar iniciada em 1938, com a antiga Olaria Ot\u00e1vio em Sombrio\/SC. De gera\u00e7\u00e3o em gera\u00e7\u00e3o, a fam\u00edlia Cardoso transformou o pequeno neg\u00f3cio em uma empresa s\u00f3lida e reconhecida no setor de materiais para constru\u00e7\u00e3o. Hoje, com quatro [&hellip;]<\/p>\n","protected":false},"author":1,"featured_media":0,"parent":0,"menu_order":0,"comment_status":"closed","ping_status":"closed","template":"","meta":{"_joinchat":[],"footnotes":""},"class_list":["post-494","page","type-page","status-publish","hentry"],"_links":{"self":[{"href":"https:\/\/reidastelhas.com.br\/loja\/wp-json\/wp\/v2\/pages\/494","targetHints":{"allow":["GET"]}}],"collection":[{"href":"https:\/\/reidastelhas.com.br\/loja\/wp-json\/wp\/v2\/pages"}],"about":[{"href":"https:\/\/reidastelhas.com.br\/loja\/wp-json\/wp\/v2\/types\/page"}],"author":[{"embeddable":true,"href":"https:\/\/reidastelhas.com.br\/loja\/wp-json\/wp\/v2\/users\/1"}],"replies":[{"embeddable":true,"href":"https:\/\/reidastelhas.com.br\/loja\/wp-json\/wp\/v2\/comments?post=494"}],"version-history":[{"count":13,"href":"https:\/\/reidastelhas.com.br\/loja\/wp-json\/wp\/v2\/pages\/494\/revisions"}],"predecessor-version":[{"id":1850,"href":"https:\/\/reidastelhas.com.br\/loja\/wp-json\/wp\/v2\/pages\/494\/revisions\/1850"}],"wp:attachment":[{"href":"https:\/\/reidastelhas.com.br\/loja\/wp-json\/wp\/v2\/media?parent=494"}],"curies":[{"name":"wp","href":"https:\/\/api.w.org\/{rel}","templated":true}]}}