{"id":1003,"date":"2025-11-11T15:00:14","date_gmt":"2025-11-11T18:00:14","guid":{"rendered":"https:\/\/reidastelhas.com.br\/loja\/?post_type=product&#038;p=1003"},"modified":"2025-11-11T15:01:17","modified_gmt":"2025-11-11T18:01:17","slug":"tijolo-parede-a-vista-4-furos","status":"publish","type":"product","link":"https:\/\/reidastelhas.com.br\/loja\/produto\/tijolo-parede-a-vista-4-furos\/","title":{"rendered":"Tijolo parede a vista 4 furos"},"content":{"rendered":"<p>Tijolo parede a vista ideal para constru\u00e7\u00f5es de casas, garagens, galp\u00f5es, churrasqueiras e fog\u00f5es a lenha al\u00e9m de diversas utilidades na parte de acabamentos\u00a0e\u00a0detalhes.<\/p>\n<p><strong>Praticidade e f\u00e1cil manuten\u00e7\u00e3o<\/strong> \u2014 dispensa revestimentos como reboco e pintura.<\/p>\n<p><strong>Alta durabilidade<\/strong> \u2014 \u00e9 resistente ao tempo e ao desgaste.<\/p>\n<p><strong>Variedade de modelos<\/strong> \u2014 diferentes cores e furos<\/p>\n<p><strong>Desempenho t\u00e9rmico e ac\u00fastico<\/strong> \u2014 ajuda a manter o conforto dentro do ambiente.<\/p>\n<p><strong>Valor est\u00e9tico<\/strong> \u2014 proporciona um visual r\u00fastico, moderno ou contempor\u00e2neo, dependendo do projeto.<\/p>\n<p>Em resumo: o material descrito \u00e9 o tijolo aparente, amplamente usado em constru\u00e7\u00f5es que buscam unir beleza, funcionalidade\u00a0e\u00a0resist\u00eancia.<\/p>\n","protected":false},"excerpt":{"rendered":"<p><strong>Medidas: 9 x 9 x 21<\/strong><br \/>\n<strong>Rendimento: 45 pe\u00e7as por m\u00b2<\/strong><\/p>\n","protected":false},"featured_media":1005,"template":"","meta":{"_joinchat":[]},"product_brand":[213],"product_cat":[60,58],"product_tag":[],"class_list":{"0":"post-1003","1":"product","2":"type-product","3":"status-publish","4":"has-post-thumbnail","6":"product_brand-almeida","7":"product_cat-tijolo-parede-a-vista","8":"product_cat-tijolos","10":"first","11":"instock","12":"shipping-taxable","13":"purchasable","14":"product-type-variable"},"_links":{"self":[{"href":"https:\/\/reidastelhas.com.br\/loja\/wp-json\/wp\/v2\/product\/1003","targetHints":{"allow":["GET"]}}],"collection":[{"href":"https:\/\/reidastelhas.com.br\/loja\/wp-json\/wp\/v2\/product"}],"about":[{"href":"https:\/\/reidastelhas.com.br\/loja\/wp-json\/wp\/v2\/types\/product"}],"wp:featuredmedia":[{"embeddable":true,"href":"https:\/\/reidastelhas.com.br\/loja\/wp-json\/wp\/v2\/media\/1005"}],"wp:attachment":[{"href":"https:\/\/reidastelhas.com.br\/loja\/wp-json\/wp\/v2\/media?parent=1003"}],"wp:term":[{"taxonomy":"product_brand","embeddable":true,"href":"https:\/\/reidastelhas.com.br\/loja\/wp-json\/wp\/v2\/product_brand?post=1003"},{"taxonomy":"product_cat","embeddable":true,"href":"https:\/\/reidastelhas.com.br\/loja\/wp-json\/wp\/v2\/product_cat?post=1003"},{"taxonomy":"product_tag","embeddable":true,"href":"https:\/\/reidastelhas.com.br\/loja\/wp-json\/wp\/v2\/product_tag?post=1003"}],"curies":[{"name":"wp","href":"https:\/\/api.w.org\/{rel}","templated":true}]}}