{"id":1031,"date":"2025-11-11T15:32:50","date_gmt":"2025-11-11T18:32:50","guid":{"rendered":"https:\/\/reidastelhas.com.br\/loja\/?post_type=product&#038;p=1031"},"modified":"2025-11-11T17:28:42","modified_gmt":"2025-11-11T20:28:42","slug":"tijolo-parede-a-vista-10-furos-de-canto-redondo","status":"publish","type":"product","link":"https:\/\/reidastelhas.com.br\/loja\/produto\/tijolo-parede-a-vista-10-furos-de-canto-redondo\/","title":{"rendered":"Tijolo parede a vista 10 furos de canto redondo"},"content":{"rendered":"<p>Tijolo parede a vista ideal para constru\u00e7\u00f5es de casas, garagens, galp\u00f5es, churrasqueiras e fog\u00f5es a lenha al\u00e9m de diversas utilidades na parte de acabamentos\u00a0e\u00a0detalhes.<\/p>\n<p>Os cantos arredondados s\u00e3o uma pe\u00e7a complementar. Seu acabamento permite que os cantos da constru\u00e7\u00e3o sejam em 45 graus, redondos.<\/p>\n","protected":false},"excerpt":{"rendered":"<p><strong>Medida: 21 x 10,5 x 6<\/strong><br \/>\n<strong>Rendimento: em torno de 60 pe\u00e7as por m\u00b2<\/strong><\/p>\n","protected":false},"featured_media":1033,"template":"","meta":{"_joinchat":[]},"product_brand":[213],"product_cat":[60,58],"product_tag":[],"class_list":{"0":"post-1031","1":"product","2":"type-product","3":"status-publish","4":"has-post-thumbnail","6":"product_brand-almeida","7":"product_cat-tijolo-parede-a-vista","8":"product_cat-tijolos","10":"first","11":"instock","12":"shipping-taxable","13":"purchasable","14":"product-type-variable"},"_links":{"self":[{"href":"https:\/\/reidastelhas.com.br\/loja\/wp-json\/wp\/v2\/product\/1031","targetHints":{"allow":["GET"]}}],"collection":[{"href":"https:\/\/reidastelhas.com.br\/loja\/wp-json\/wp\/v2\/product"}],"about":[{"href":"https:\/\/reidastelhas.com.br\/loja\/wp-json\/wp\/v2\/types\/product"}],"wp:featuredmedia":[{"embeddable":true,"href":"https:\/\/reidastelhas.com.br\/loja\/wp-json\/wp\/v2\/media\/1033"}],"wp:attachment":[{"href":"https:\/\/reidastelhas.com.br\/loja\/wp-json\/wp\/v2\/media?parent=1031"}],"wp:term":[{"taxonomy":"product_brand","embeddable":true,"href":"https:\/\/reidastelhas.com.br\/loja\/wp-json\/wp\/v2\/product_brand?post=1031"},{"taxonomy":"product_cat","embeddable":true,"href":"https:\/\/reidastelhas.com.br\/loja\/wp-json\/wp\/v2\/product_cat?post=1031"},{"taxonomy":"product_tag","embeddable":true,"href":"https:\/\/reidastelhas.com.br\/loja\/wp-json\/wp\/v2\/product_tag?post=1031"}],"curies":[{"name":"wp","href":"https:\/\/api.w.org\/{rel}","templated":true}]}}