{"id":1047,"date":"2025-11-11T17:38:15","date_gmt":"2025-11-11T20:38:15","guid":{"rendered":"https:\/\/reidastelhas.com.br\/loja\/?post_type=product&#038;p=1047"},"modified":"2025-11-12T09:12:06","modified_gmt":"2025-11-12T12:12:06","slug":"tijolo-coluna-meia-lua","status":"publish","type":"product","link":"https:\/\/reidastelhas.com.br\/loja\/produto\/tijolo-coluna-meia-lua\/","title":{"rendered":"Tijolo coluna meia lua"},"content":{"rendered":"<p>Formato de meia lua projetado para constru\u00e7\u00e3o de colunas, pilares e elementos decorativos curvos. Pode ser utilizado em uma variedade de projetos arquitet\u00f4nicos, tanto residenciais quanto comerciais.<\/p>\n","protected":false},"excerpt":{"rendered":"<p><strong>Medida: 6 x 29\u00a0<\/strong><br \/>\n<strong>Rendimento: 30 pe\u00e7as por metro linear\u00a0<\/strong><\/p>\n","protected":false},"featured_media":1048,"template":"","meta":{"_joinchat":[]},"product_brand":[213],"product_cat":[60,58],"product_tag":[],"class_list":{"0":"post-1047","1":"product","2":"type-product","3":"status-publish","4":"has-post-thumbnail","6":"product_brand-almeida","7":"product_cat-tijolo-parede-a-vista","8":"product_cat-tijolos","10":"first","11":"instock","12":"shipping-taxable","13":"purchasable","14":"product-type-variable"},"_links":{"self":[{"href":"https:\/\/reidastelhas.com.br\/loja\/wp-json\/wp\/v2\/product\/1047","targetHints":{"allow":["GET"]}}],"collection":[{"href":"https:\/\/reidastelhas.com.br\/loja\/wp-json\/wp\/v2\/product"}],"about":[{"href":"https:\/\/reidastelhas.com.br\/loja\/wp-json\/wp\/v2\/types\/product"}],"wp:featuredmedia":[{"embeddable":true,"href":"https:\/\/reidastelhas.com.br\/loja\/wp-json\/wp\/v2\/media\/1048"}],"wp:attachment":[{"href":"https:\/\/reidastelhas.com.br\/loja\/wp-json\/wp\/v2\/media?parent=1047"}],"wp:term":[{"taxonomy":"product_brand","embeddable":true,"href":"https:\/\/reidastelhas.com.br\/loja\/wp-json\/wp\/v2\/product_brand?post=1047"},{"taxonomy":"product_cat","embeddable":true,"href":"https:\/\/reidastelhas.com.br\/loja\/wp-json\/wp\/v2\/product_cat?post=1047"},{"taxonomy":"product_tag","embeddable":true,"href":"https:\/\/reidastelhas.com.br\/loja\/wp-json\/wp\/v2\/product_tag?post=1047"}],"curies":[{"name":"wp","href":"https:\/\/api.w.org\/{rel}","templated":true}]}}