{"id":1055,"date":"2025-11-12T09:29:46","date_gmt":"2025-11-12T12:29:46","guid":{"rendered":"https:\/\/reidastelhas.com.br\/loja\/?post_type=product&#038;p=1055"},"modified":"2025-11-12T09:30:02","modified_gmt":"2025-11-12T12:30:02","slug":"tijolo-coluna-pequeno","status":"publish","type":"product","link":"https:\/\/reidastelhas.com.br\/loja\/produto\/tijolo-coluna-pequeno\/","title":{"rendered":"TIJOLO COLUNA PEQUENO"},"content":{"rendered":"<p>O tijolo coluna para acabamento de pilares redondos \u00e9 a escolha ideal para quem busca unir estilo e funcionalidade em projetos de alvenaria aparente. Com design exclusivo e acabamento diferenciado, ele valoriza qualquer ambiente do r\u00fastico ao contempor\u00e2neo, em casas, fachadas ou barrac\u00f5es.<\/p>\n","protected":false},"excerpt":{"rendered":"<p><strong>Medida: 17 x 6<\/strong><br \/>\n<strong>Rendimento:\u00a0 32 pe\u00e7as por metro linear\u00a0<\/strong><\/p>\n","protected":false},"featured_media":1056,"template":"","meta":{"_joinchat":[]},"product_brand":[213],"product_cat":[60,58],"product_tag":[],"class_list":{"0":"post-1055","1":"product","2":"type-product","3":"status-publish","4":"has-post-thumbnail","6":"product_brand-almeida","7":"product_cat-tijolo-parede-a-vista","8":"product_cat-tijolos","10":"first","11":"instock","12":"shipping-taxable","13":"purchasable","14":"product-type-variable"},"_links":{"self":[{"href":"https:\/\/reidastelhas.com.br\/loja\/wp-json\/wp\/v2\/product\/1055","targetHints":{"allow":["GET"]}}],"collection":[{"href":"https:\/\/reidastelhas.com.br\/loja\/wp-json\/wp\/v2\/product"}],"about":[{"href":"https:\/\/reidastelhas.com.br\/loja\/wp-json\/wp\/v2\/types\/product"}],"wp:featuredmedia":[{"embeddable":true,"href":"https:\/\/reidastelhas.com.br\/loja\/wp-json\/wp\/v2\/media\/1056"}],"wp:attachment":[{"href":"https:\/\/reidastelhas.com.br\/loja\/wp-json\/wp\/v2\/media?parent=1055"}],"wp:term":[{"taxonomy":"product_brand","embeddable":true,"href":"https:\/\/reidastelhas.com.br\/loja\/wp-json\/wp\/v2\/product_brand?post=1055"},{"taxonomy":"product_cat","embeddable":true,"href":"https:\/\/reidastelhas.com.br\/loja\/wp-json\/wp\/v2\/product_cat?post=1055"},{"taxonomy":"product_tag","embeddable":true,"href":"https:\/\/reidastelhas.com.br\/loja\/wp-json\/wp\/v2\/product_tag?post=1055"}],"curies":[{"name":"wp","href":"https:\/\/api.w.org\/{rel}","templated":true}]}}