{"id":1075,"date":"2025-11-12T10:06:02","date_gmt":"2025-11-12T13:06:02","guid":{"rendered":"https:\/\/reidastelhas.com.br\/loja\/?post_type=product&#038;p=1075"},"modified":"2025-11-13T09:19:32","modified_gmt":"2025-11-13T12:19:32","slug":"tijolo-reboco-14-x-19-x-19-baianinho","status":"publish","type":"product","link":"https:\/\/reidastelhas.com.br\/loja\/produto\/tijolo-reboco-14-x-19-x-19-baianinho\/","title":{"rendered":"TIJOLO REBOCO 14 X 19 X 19 BAIANINHO"},"content":{"rendered":"<p>O Tijolo Reboco 14 x 19 x 19 Baianinho \u00e9 indicado para alvenarias de veda\u00e7\u00e3o que exigem leveza, praticidade e \u00f3timo acabamento. Produzido com mat\u00e9ria-prima de alta qualidade, garante resist\u00eancia, precis\u00e3o nas medidas e f\u00e1cil assentamento, resultando em paredes planas e prontas para receber o reboco.<\/p>\n<h4 data-start=\"775\" data-end=\"813\"><strong data-start=\"780\" data-end=\"811\">Principais Caracter\u00edsticas:<\/strong><\/h4>\n<ul data-start=\"814\" data-end=\"1100\">\n<li data-start=\"814\" data-end=\"848\">\n<p data-start=\"816\" data-end=\"848\"><strong data-start=\"816\" data-end=\"830\">Dimens\u00f5es:<\/strong> 14 x 19 x 19 cm<\/p>\n<\/li>\n<li data-start=\"849\" data-end=\"882\">\n<p data-start=\"851\" data-end=\"882\"><strong data-start=\"851\" data-end=\"859\">Uso:<\/strong> Alvenaria de veda\u00e7\u00e3o<\/p>\n<\/li>\n<li data-start=\"883\" data-end=\"928\">\n<p data-start=\"885\" data-end=\"928\"><strong data-start=\"885\" data-end=\"900\">Acabamento:<\/strong> Ideal para receber reboco<\/p>\n<\/li>\n<li data-start=\"929\" data-end=\"1023\">\n<p data-start=\"931\" data-end=\"1023\"><strong data-start=\"931\" data-end=\"946\">Benef\u00edcios:<\/strong> Leve, econ\u00f4mico, f\u00e1cil de assentar e com \u00f3timo desempenho t\u00e9rmico\/ac\u00fastico<\/p>\n<\/li>\n<li data-start=\"1024\" data-end=\"1100\">\n<p data-start=\"1026\" data-end=\"1100\"><strong data-start=\"1026\" data-end=\"1041\">Aplica\u00e7\u00f5es:<\/strong> Casas, edif\u00edcios, barrac\u00f5es e demais tipos de constru\u00e7\u00e3o<\/p>\n<\/li>\n<\/ul>\n","protected":false},"excerpt":{"rendered":"<p><strong>Dimens\u00f5es: 14 x 19 x 19 cm<\/strong><br \/>\n<strong>Rendimento: 28 pe\u00e7as por M\u00b2\u00a0<\/strong><\/p>\n","protected":false},"featured_media":1076,"template":"","meta":{"_joinchat":[]},"product_brand":[217],"product_cat":[59,58],"product_tag":[],"class_list":{"0":"post-1075","1":"product","2":"type-product","3":"status-publish","4":"has-post-thumbnail","6":"product_brand-felisbino","7":"product_cat-tijolo-reboco","8":"product_cat-tijolos","10":"first","11":"instock","12":"shipping-taxable","13":"purchasable","14":"product-type-simple"},"_links":{"self":[{"href":"https:\/\/reidastelhas.com.br\/loja\/wp-json\/wp\/v2\/product\/1075","targetHints":{"allow":["GET"]}}],"collection":[{"href":"https:\/\/reidastelhas.com.br\/loja\/wp-json\/wp\/v2\/product"}],"about":[{"href":"https:\/\/reidastelhas.com.br\/loja\/wp-json\/wp\/v2\/types\/product"}],"wp:featuredmedia":[{"embeddable":true,"href":"https:\/\/reidastelhas.com.br\/loja\/wp-json\/wp\/v2\/media\/1076"}],"wp:attachment":[{"href":"https:\/\/reidastelhas.com.br\/loja\/wp-json\/wp\/v2\/media?parent=1075"}],"wp:term":[{"taxonomy":"product_brand","embeddable":true,"href":"https:\/\/reidastelhas.com.br\/loja\/wp-json\/wp\/v2\/product_brand?post=1075"},{"taxonomy":"product_cat","embeddable":true,"href":"https:\/\/reidastelhas.com.br\/loja\/wp-json\/wp\/v2\/product_cat?post=1075"},{"taxonomy":"product_tag","embeddable":true,"href":"https:\/\/reidastelhas.com.br\/loja\/wp-json\/wp\/v2\/product_tag?post=1075"}],"curies":[{"name":"wp","href":"https:\/\/api.w.org\/{rel}","templated":true}]}}