{"id":1081,"date":"2025-11-12T10:31:17","date_gmt":"2025-11-12T13:31:17","guid":{"rendered":"https:\/\/reidastelhas.com.br\/loja\/?post_type=product&#038;p=1081"},"modified":"2025-11-13T09:21:00","modified_gmt":"2025-11-13T12:21:00","slug":"tijolo-reboco-9-x-19-x-19","status":"publish","type":"product","link":"https:\/\/reidastelhas.com.br\/loja\/produto\/tijolo-reboco-9-x-19-x-19\/","title":{"rendered":"Tijolo Reboco 9 x 19 x 19"},"content":{"rendered":"<p>O Tijolo Reboco 9 x 19 x 19 \u00e9 a op\u00e7\u00e3o perfeita para paredes de veda\u00e7\u00e3o leves e econ\u00f4micas, oferecendo praticidade, bom desempenho e excelente acabamento. Fabricado com argila de alta qualidade e controle dimensional rigoroso, proporciona assentamento f\u00e1cil, menor consumo de argamassa e superf\u00edcie ideal para receber reboco.<\/p>\n<h4 data-start=\"851\" data-end=\"889\"><strong data-start=\"856\" data-end=\"887\">Principais Caracter\u00edsticas:<\/strong><\/h4>\n<ul data-start=\"890\" data-end=\"1157\">\n<li data-start=\"890\" data-end=\"923\">\n<p data-start=\"892\" data-end=\"923\"><strong data-start=\"892\" data-end=\"906\">Dimens\u00f5es:<\/strong> 9 x 19 x 19 cm<\/p>\n<\/li>\n<li data-start=\"924\" data-end=\"957\">\n<p data-start=\"926\" data-end=\"957\"><strong data-start=\"926\" data-end=\"934\">Uso:<\/strong> Alvenaria de veda\u00e7\u00e3o<\/p>\n<\/li>\n<li data-start=\"958\" data-end=\"1019\">\n<p data-start=\"960\" data-end=\"1019\"><strong data-start=\"960\" data-end=\"975\">Acabamento:<\/strong> Superf\u00edcie ideal para aplica\u00e7\u00e3o de reboco<\/p>\n<\/li>\n<li data-start=\"1020\" data-end=\"1091\">\n<p data-start=\"1022\" data-end=\"1091\"><strong data-start=\"1022\" data-end=\"1037\">Benef\u00edcios:<\/strong> Leve, econ\u00f4mico, resistente e de f\u00e1cil assentamento<\/p>\n<\/li>\n<li data-start=\"1092\" data-end=\"1157\">\n<p data-start=\"1094\" data-end=\"1157\"><strong data-start=\"1094\" data-end=\"1109\">Aplica\u00e7\u00f5es:<\/strong> Casas, edif\u00edcios, muros, divis\u00f3rias e galp\u00f5es<\/p>\n<\/li>\n<\/ul>\n","protected":false},"excerpt":{"rendered":"<p><strong>Dimens\u00f5es: 9 x 19 x 19 cm<\/strong><br \/>\n<strong>Rendimento: 28 pe\u00e7as por m\u00b2<\/strong><\/p>\n<p>&nbsp;<\/p>\n","protected":false},"featured_media":1082,"template":"","meta":{"_joinchat":[]},"product_brand":[213,217],"product_cat":[59,58],"product_tag":[],"class_list":{"0":"post-1081","1":"product","2":"type-product","3":"status-publish","4":"has-post-thumbnail","6":"product_brand-almeida","7":"product_brand-felisbino","8":"product_cat-tijolo-reboco","9":"product_cat-tijolos","11":"first","12":"instock","13":"shipping-taxable","14":"purchasable","15":"product-type-simple"},"_links":{"self":[{"href":"https:\/\/reidastelhas.com.br\/loja\/wp-json\/wp\/v2\/product\/1081","targetHints":{"allow":["GET"]}}],"collection":[{"href":"https:\/\/reidastelhas.com.br\/loja\/wp-json\/wp\/v2\/product"}],"about":[{"href":"https:\/\/reidastelhas.com.br\/loja\/wp-json\/wp\/v2\/types\/product"}],"wp:featuredmedia":[{"embeddable":true,"href":"https:\/\/reidastelhas.com.br\/loja\/wp-json\/wp\/v2\/media\/1082"}],"wp:attachment":[{"href":"https:\/\/reidastelhas.com.br\/loja\/wp-json\/wp\/v2\/media?parent=1081"}],"wp:term":[{"taxonomy":"product_brand","embeddable":true,"href":"https:\/\/reidastelhas.com.br\/loja\/wp-json\/wp\/v2\/product_brand?post=1081"},{"taxonomy":"product_cat","embeddable":true,"href":"https:\/\/reidastelhas.com.br\/loja\/wp-json\/wp\/v2\/product_cat?post=1081"},{"taxonomy":"product_tag","embeddable":true,"href":"https:\/\/reidastelhas.com.br\/loja\/wp-json\/wp\/v2\/product_tag?post=1081"}],"curies":[{"name":"wp","href":"https:\/\/api.w.org\/{rel}","templated":true}]}}