{"id":1085,"date":"2025-11-12T10:46:29","date_gmt":"2025-11-12T13:46:29","guid":{"rendered":"https:\/\/reidastelhas.com.br\/loja\/?post_type=product&#038;p=1085"},"modified":"2025-11-12T10:46:29","modified_gmt":"2025-11-12T13:46:29","slug":"tijolo-refratario","status":"publish","type":"product","link":"https:\/\/reidastelhas.com.br\/loja\/produto\/tijolo-refratario\/","title":{"rendered":"Tijolo Refrat\u00e1rio"},"content":{"rendered":"<p>O\u00a0tijolo refrat\u00e1rio \u00e9 resistente a altas temperaturas e, por isso, \u00e9 usado em locais expostos constantemente ao calor, como fornos, churrasqueiras, lareiras, fog\u00f5es a lenha, caldeiras e fornalhas. Garante seguran\u00e7a, efici\u00eancia e longa vida \u00fatil \u00e0s estruturas expostas ao calor. Seu acabamento uniforme e precis\u00e3o dimensional facilitam o assentamento e proporcionam excelente est\u00e9tica e desempenho t\u00e9rmico.<\/p>\n","protected":false},"excerpt":{"rendered":"<p><strong>Dimens\u00f5es: 5,1 X 11,4 X 22,9<\/strong><br \/>\n<strong>Rendimento: 40 pe\u00e7as por m\u00b2<\/strong><\/p>\n","protected":false},"featured_media":1086,"template":"","meta":{"_joinchat":[]},"product_brand":[218],"product_cat":[61,58],"product_tag":[],"class_list":{"0":"post-1085","1":"product","2":"type-product","3":"status-publish","4":"has-post-thumbnail","6":"product_brand-deca-refratarios","7":"product_cat-tijolo-refratario","8":"product_cat-tijolos","10":"first","11":"instock","12":"shipping-taxable","13":"purchasable","14":"product-type-simple"},"_links":{"self":[{"href":"https:\/\/reidastelhas.com.br\/loja\/wp-json\/wp\/v2\/product\/1085","targetHints":{"allow":["GET"]}}],"collection":[{"href":"https:\/\/reidastelhas.com.br\/loja\/wp-json\/wp\/v2\/product"}],"about":[{"href":"https:\/\/reidastelhas.com.br\/loja\/wp-json\/wp\/v2\/types\/product"}],"wp:featuredmedia":[{"embeddable":true,"href":"https:\/\/reidastelhas.com.br\/loja\/wp-json\/wp\/v2\/media\/1086"}],"wp:attachment":[{"href":"https:\/\/reidastelhas.com.br\/loja\/wp-json\/wp\/v2\/media?parent=1085"}],"wp:term":[{"taxonomy":"product_brand","embeddable":true,"href":"https:\/\/reidastelhas.com.br\/loja\/wp-json\/wp\/v2\/product_brand?post=1085"},{"taxonomy":"product_cat","embeddable":true,"href":"https:\/\/reidastelhas.com.br\/loja\/wp-json\/wp\/v2\/product_cat?post=1085"},{"taxonomy":"product_tag","embeddable":true,"href":"https:\/\/reidastelhas.com.br\/loja\/wp-json\/wp\/v2\/product_tag?post=1085"}],"curies":[{"name":"wp","href":"https:\/\/api.w.org\/{rel}","templated":true}]}}