{"id":1109,"date":"2025-11-12T16:33:59","date_gmt":"2025-11-12T19:33:59","guid":{"rendered":"https:\/\/reidastelhas.com.br\/loja\/?post_type=product&#038;p=1109"},"modified":"2025-11-12T17:09:40","modified_gmt":"2025-11-12T20:09:40","slug":"tijolo-macico-vermelho-55-x-115-x-24","status":"publish","type":"product","link":"https:\/\/reidastelhas.com.br\/loja\/produto\/tijolo-macico-vermelho-55-x-115-x-24\/","title":{"rendered":"Tijolo maci\u00e7o vermelho 6,5 x 11,5 x 24"},"content":{"rendered":"<p>O tijolo maci\u00e7o vermelho \u00e9 um cl\u00e1ssico da constru\u00e7\u00e3o civil, reconhecido por sua resist\u00eancia, durabilidade e excelente acabamento est\u00e9tico. Produzido com argila de alta qualidade e queimado em temperatura controlada, oferece \u00f3tima resist\u00eancia mec\u00e2nica e baixo \u00edndice de absor\u00e7\u00e3o de \u00e1gua, sendo ideal para obras estruturais e decorativas.<\/p>\n","protected":false},"excerpt":{"rendered":"<p><strong>Dimens\u00f5es: 5,5 x 11,5 x 24 cm<\/strong><br \/>\n<strong>Rendimento: 60 a 64 pe\u00e7as por m\u00b2<\/strong><\/p>\n","protected":false},"featured_media":1110,"template":"","meta":{"_joinchat":[]},"product_brand":[220],"product_cat":[215,58],"product_tag":[],"class_list":{"0":"post-1109","1":"product","2":"type-product","3":"status-publish","4":"has-post-thumbnail","6":"product_brand-jheniffer","7":"product_cat-tijolo-macico","8":"product_cat-tijolos","10":"first","11":"instock","12":"shipping-taxable","13":"purchasable","14":"product-type-simple"},"_links":{"self":[{"href":"https:\/\/reidastelhas.com.br\/loja\/wp-json\/wp\/v2\/product\/1109","targetHints":{"allow":["GET"]}}],"collection":[{"href":"https:\/\/reidastelhas.com.br\/loja\/wp-json\/wp\/v2\/product"}],"about":[{"href":"https:\/\/reidastelhas.com.br\/loja\/wp-json\/wp\/v2\/types\/product"}],"wp:featuredmedia":[{"embeddable":true,"href":"https:\/\/reidastelhas.com.br\/loja\/wp-json\/wp\/v2\/media\/1110"}],"wp:attachment":[{"href":"https:\/\/reidastelhas.com.br\/loja\/wp-json\/wp\/v2\/media?parent=1109"}],"wp:term":[{"taxonomy":"product_brand","embeddable":true,"href":"https:\/\/reidastelhas.com.br\/loja\/wp-json\/wp\/v2\/product_brand?post=1109"},{"taxonomy":"product_cat","embeddable":true,"href":"https:\/\/reidastelhas.com.br\/loja\/wp-json\/wp\/v2\/product_cat?post=1109"},{"taxonomy":"product_tag","embeddable":true,"href":"https:\/\/reidastelhas.com.br\/loja\/wp-json\/wp\/v2\/product_tag?post=1109"}],"curies":[{"name":"wp","href":"https:\/\/api.w.org\/{rel}","templated":true}]}}