{"id":1112,"date":"2025-11-12T16:57:32","date_gmt":"2025-11-12T19:57:32","guid":{"rendered":"https:\/\/reidastelhas.com.br\/loja\/?post_type=product&#038;p=1112"},"modified":"2025-11-13T14:40:39","modified_gmt":"2025-11-13T17:40:39","slug":"tijolo-macico-de-canto-55-x-115-x-24","status":"publish","type":"product","link":"https:\/\/reidastelhas.com.br\/loja\/produto\/tijolo-macico-de-canto-55-x-115-x-24\/","title":{"rendered":"Tijolo maci\u00e7o vermelho de canto 6,5 x 11,5 x 24"},"content":{"rendered":"<p>O tijolo maci\u00e7o de canto \u00e9 especialmente desenvolvido para proporcionar acabamento perfeito em bordas, quinas e encontros de paredes em alvenarias aparentes. Produzido com argila de alta qualidade e queimado em temperatura controlada, apresenta alta resist\u00eancia, baixa absor\u00e7\u00e3o de umidade e excelente uniformidade de cor.<\/p>\n","protected":false},"excerpt":{"rendered":"<p><strong>Dimens\u00f5es: 5,5 x 11,5 x 24 cm<\/strong><br \/>\n<strong>Rendimento: 60 a 64 pe\u00e7as por m\u00b2<\/strong><\/p>\n","protected":false},"featured_media":1113,"template":"","meta":{"_joinchat":[]},"product_brand":[220],"product_cat":[215,58],"product_tag":[],"class_list":{"0":"post-1112","1":"product","2":"type-product","3":"status-publish","4":"has-post-thumbnail","6":"product_brand-jheniffer","7":"product_cat-tijolo-macico","8":"product_cat-tijolos","10":"first","11":"instock","12":"shipping-taxable","13":"purchasable","14":"product-type-simple"},"_links":{"self":[{"href":"https:\/\/reidastelhas.com.br\/loja\/wp-json\/wp\/v2\/product\/1112","targetHints":{"allow":["GET"]}}],"collection":[{"href":"https:\/\/reidastelhas.com.br\/loja\/wp-json\/wp\/v2\/product"}],"about":[{"href":"https:\/\/reidastelhas.com.br\/loja\/wp-json\/wp\/v2\/types\/product"}],"wp:featuredmedia":[{"embeddable":true,"href":"https:\/\/reidastelhas.com.br\/loja\/wp-json\/wp\/v2\/media\/1113"}],"wp:attachment":[{"href":"https:\/\/reidastelhas.com.br\/loja\/wp-json\/wp\/v2\/media?parent=1112"}],"wp:term":[{"taxonomy":"product_brand","embeddable":true,"href":"https:\/\/reidastelhas.com.br\/loja\/wp-json\/wp\/v2\/product_brand?post=1112"},{"taxonomy":"product_cat","embeddable":true,"href":"https:\/\/reidastelhas.com.br\/loja\/wp-json\/wp\/v2\/product_cat?post=1112"},{"taxonomy":"product_tag","embeddable":true,"href":"https:\/\/reidastelhas.com.br\/loja\/wp-json\/wp\/v2\/product_tag?post=1112"}],"curies":[{"name":"wp","href":"https:\/\/api.w.org\/{rel}","templated":true}]}}