{"id":1115,"date":"2025-11-12T17:15:27","date_gmt":"2025-11-12T20:15:27","guid":{"rendered":"https:\/\/reidastelhas.com.br\/loja\/?post_type=product&#038;p=1115"},"modified":"2025-11-12T17:15:27","modified_gmt":"2025-11-12T20:15:27","slug":"tijolo-macico-mesclado-65-x-115-x-24","status":"publish","type":"product","link":"https:\/\/reidastelhas.com.br\/loja\/produto\/tijolo-macico-mesclado-65-x-115-x-24\/","title":{"rendered":"Tijolo maci\u00e7o mesclado 6,5 x 11,5 x 24"},"content":{"rendered":"<p>O tijolo maci\u00e7o mesclado \u00e9 a escolha perfeita para quem busca beleza r\u00fastica, resist\u00eancia e durabilidade em um \u00fanico produto. Produzido com argila de alta qualidade e submetido \u00e0 queima controlada, apresenta uma varia\u00e7\u00e3o natural de tons avermelhados, alaranjados e amarelados, criando um efeito visual \u00fanico e elegante em fachadas e ambientes internos.<\/p>\n","protected":false},"excerpt":{"rendered":"<p><strong>Dimens\u00f5es: 6,5 x 11,5 x 24 cm<br \/>\nRendimento: 60 a 64 pe\u00e7as por m\u00b2<\/strong><\/p>\n","protected":false},"featured_media":1116,"template":"","meta":{"_joinchat":[]},"product_brand":[220],"product_cat":[215,58],"product_tag":[],"class_list":{"0":"post-1115","1":"product","2":"type-product","3":"status-publish","4":"has-post-thumbnail","6":"product_brand-jheniffer","7":"product_cat-tijolo-macico","8":"product_cat-tijolos","10":"first","11":"instock","12":"shipping-taxable","13":"purchasable","14":"product-type-simple"},"_links":{"self":[{"href":"https:\/\/reidastelhas.com.br\/loja\/wp-json\/wp\/v2\/product\/1115","targetHints":{"allow":["GET"]}}],"collection":[{"href":"https:\/\/reidastelhas.com.br\/loja\/wp-json\/wp\/v2\/product"}],"about":[{"href":"https:\/\/reidastelhas.com.br\/loja\/wp-json\/wp\/v2\/types\/product"}],"wp:featuredmedia":[{"embeddable":true,"href":"https:\/\/reidastelhas.com.br\/loja\/wp-json\/wp\/v2\/media\/1116"}],"wp:attachment":[{"href":"https:\/\/reidastelhas.com.br\/loja\/wp-json\/wp\/v2\/media?parent=1115"}],"wp:term":[{"taxonomy":"product_brand","embeddable":true,"href":"https:\/\/reidastelhas.com.br\/loja\/wp-json\/wp\/v2\/product_brand?post=1115"},{"taxonomy":"product_cat","embeddable":true,"href":"https:\/\/reidastelhas.com.br\/loja\/wp-json\/wp\/v2\/product_cat?post=1115"},{"taxonomy":"product_tag","embeddable":true,"href":"https:\/\/reidastelhas.com.br\/loja\/wp-json\/wp\/v2\/product_tag?post=1115"}],"curies":[{"name":"wp","href":"https:\/\/api.w.org\/{rel}","templated":true}]}}