{"id":1118,"date":"2025-11-12T17:19:33","date_gmt":"2025-11-12T20:19:33","guid":{"rendered":"https:\/\/reidastelhas.com.br\/loja\/?post_type=product&#038;p=1118"},"modified":"2025-11-12T17:19:33","modified_gmt":"2025-11-12T20:19:33","slug":"tijolo-macico-mesclado-65-x-105-x-22","status":"publish","type":"product","link":"https:\/\/reidastelhas.com.br\/loja\/produto\/tijolo-macico-mesclado-65-x-105-x-22\/","title":{"rendered":"Tijolo maci\u00e7o mesclado 6,5 x 10,5 x 22"},"content":{"rendered":"<p>O tijolo maci\u00e7o mesclado combina resist\u00eancia, durabilidade e beleza natural, sendo ideal para constru\u00e7\u00f5es e revestimentos aparentes. Fabricado com argila selecionada e submetido \u00e0 queima controlada, apresenta varia\u00e7\u00f5es naturais de tons avermelhados, alaranjados e amarelados, que conferem um acabamento r\u00fastico e sofisticado a qualquer ambiente.<\/p>\n","protected":false},"excerpt":{"rendered":"<p><strong>Dimens\u00f5es: 6,5 x 10,5 x 22 cm<br \/>\nRendimento: 60 a 64 pe\u00e7as por m\u00b2<\/strong><\/p>\n","protected":false},"featured_media":1119,"template":"","meta":{"_joinchat":[]},"product_brand":[219],"product_cat":[215,58],"product_tag":[],"class_list":{"0":"post-1118","1":"product","2":"type-product","3":"status-publish","4":"has-post-thumbnail","6":"product_brand-barro-branco","7":"product_cat-tijolo-macico","8":"product_cat-tijolos","10":"first","11":"instock","12":"shipping-taxable","13":"purchasable","14":"product-type-simple"},"_links":{"self":[{"href":"https:\/\/reidastelhas.com.br\/loja\/wp-json\/wp\/v2\/product\/1118","targetHints":{"allow":["GET"]}}],"collection":[{"href":"https:\/\/reidastelhas.com.br\/loja\/wp-json\/wp\/v2\/product"}],"about":[{"href":"https:\/\/reidastelhas.com.br\/loja\/wp-json\/wp\/v2\/types\/product"}],"wp:featuredmedia":[{"embeddable":true,"href":"https:\/\/reidastelhas.com.br\/loja\/wp-json\/wp\/v2\/media\/1119"}],"wp:attachment":[{"href":"https:\/\/reidastelhas.com.br\/loja\/wp-json\/wp\/v2\/media?parent=1118"}],"wp:term":[{"taxonomy":"product_brand","embeddable":true,"href":"https:\/\/reidastelhas.com.br\/loja\/wp-json\/wp\/v2\/product_brand?post=1118"},{"taxonomy":"product_cat","embeddable":true,"href":"https:\/\/reidastelhas.com.br\/loja\/wp-json\/wp\/v2\/product_cat?post=1118"},{"taxonomy":"product_tag","embeddable":true,"href":"https:\/\/reidastelhas.com.br\/loja\/wp-json\/wp\/v2\/product_tag?post=1118"}],"curies":[{"name":"wp","href":"https:\/\/api.w.org\/{rel}","templated":true}]}}