{"id":1138,"date":"2025-11-13T09:45:47","date_gmt":"2025-11-13T12:45:47","guid":{"rendered":"https:\/\/reidastelhas.com.br\/loja\/?post_type=product&#038;p=1138"},"modified":"2025-11-13T09:51:42","modified_gmt":"2025-11-13T12:51:42","slug":"tijolo-estrutural-115-x-19-x-24","status":"publish","type":"product","link":"https:\/\/reidastelhas.com.br\/loja\/produto\/tijolo-estrutural-115-x-19-x-24\/","title":{"rendered":"Tijolo estrutural 11,5 x 19 x 24"},"content":{"rendered":"<p>\u00c9 um bloco desenvolvido para uso em alvenarias estruturais, dispensando o uso de pilares e vigas de concreto. Fabricado em argila de alta qualidade e queimado em temperatura controlada, oferece resist\u00eancia, precis\u00e3o dimensional e excelente desempenho t\u00e9rmico e ac\u00fastico.<\/p>\n","protected":false},"excerpt":{"rendered":"<p><strong>Dimens\u00f5es: 11,5 x 19 x 24 cm<\/strong><br \/>\n<strong>Rendimento: 28 pe\u00e7as por m\u00b2<\/strong><\/p>\n","protected":false},"featured_media":1140,"template":"","meta":{"_joinchat":[]},"product_brand":[217],"product_cat":[59,58],"product_tag":[],"class_list":{"0":"post-1138","1":"product","2":"type-product","3":"status-publish","4":"has-post-thumbnail","6":"product_brand-felisbino","7":"product_cat-tijolo-reboco","8":"product_cat-tijolos","10":"first","11":"instock","12":"shipping-taxable","13":"purchasable","14":"product-type-simple"},"_links":{"self":[{"href":"https:\/\/reidastelhas.com.br\/loja\/wp-json\/wp\/v2\/product\/1138","targetHints":{"allow":["GET"]}}],"collection":[{"href":"https:\/\/reidastelhas.com.br\/loja\/wp-json\/wp\/v2\/product"}],"about":[{"href":"https:\/\/reidastelhas.com.br\/loja\/wp-json\/wp\/v2\/types\/product"}],"wp:featuredmedia":[{"embeddable":true,"href":"https:\/\/reidastelhas.com.br\/loja\/wp-json\/wp\/v2\/media\/1140"}],"wp:attachment":[{"href":"https:\/\/reidastelhas.com.br\/loja\/wp-json\/wp\/v2\/media?parent=1138"}],"wp:term":[{"taxonomy":"product_brand","embeddable":true,"href":"https:\/\/reidastelhas.com.br\/loja\/wp-json\/wp\/v2\/product_brand?post=1138"},{"taxonomy":"product_cat","embeddable":true,"href":"https:\/\/reidastelhas.com.br\/loja\/wp-json\/wp\/v2\/product_cat?post=1138"},{"taxonomy":"product_tag","embeddable":true,"href":"https:\/\/reidastelhas.com.br\/loja\/wp-json\/wp\/v2\/product_tag?post=1138"}],"curies":[{"name":"wp","href":"https:\/\/api.w.org\/{rel}","templated":true}]}}