{"id":1151,"date":"2025-11-13T11:29:49","date_gmt":"2025-11-13T14:29:49","guid":{"rendered":"https:\/\/reidastelhas.com.br\/loja\/?post_type=product&#038;p=1151"},"modified":"2025-11-26T15:00:08","modified_gmt":"2025-11-26T18:00:08","slug":"bavaro-ivy","status":"publish","type":"product","link":"https:\/\/reidastelhas.com.br\/loja\/produto\/bavaro-ivy\/","title":{"rendered":"B\u00e1varo Ivy 20 x 20"},"content":{"rendered":"<p>Sua tonalidade \u201cIvy\u201d remete ao verde e traz um visual marcante, com acabamento acetinado e relevo sutil, excelente para ambientes que buscam sofistica\u00e7\u00e3o e textura<\/p>\n","protected":false},"excerpt":{"rendered":"<p><strong>Formato:<\/strong>\u00a020 x 20<br \/>\n<strong>Linha:<\/strong> B\u00e1varo<br \/>\n<strong>Espessura:<\/strong>\u00a06,5mm<br \/>\n<strong>Pe\u00e7as por Caixa:<\/strong>\u00a038<br \/>\n<strong>M\u00b2 por Caixa:<\/strong>\u00a01,52<br \/>\n<strong>Junta de Assentamento:<\/strong>\u00a02mm &#8211; ambiente interno \/ 4mm &#8211; ambiente externo<br \/>\n<strong>Indica\u00e7\u00e3o de Uso:<\/strong>\u00a0\u00c1reas secas, \u00e1reas molhadas, \u00e1reas internas, \u00e1reas externas.<\/p>\n","protected":false},"featured_media":1157,"template":"","meta":{"_joinchat":[]},"product_brand":[],"product_cat":[23,226],"product_tag":[],"class_list":{"0":"post-1151","1":"product","2":"type-product","3":"status-publish","4":"has-post-thumbnail","6":"product_cat-revestimentos","7":"product_cat-revestimentos-revestimentos","9":"first","10":"instock","11":"shipping-taxable","12":"purchasable","13":"product-type-simple"},"_links":{"self":[{"href":"https:\/\/reidastelhas.com.br\/loja\/wp-json\/wp\/v2\/product\/1151","targetHints":{"allow":["GET"]}}],"collection":[{"href":"https:\/\/reidastelhas.com.br\/loja\/wp-json\/wp\/v2\/product"}],"about":[{"href":"https:\/\/reidastelhas.com.br\/loja\/wp-json\/wp\/v2\/types\/product"}],"wp:featuredmedia":[{"embeddable":true,"href":"https:\/\/reidastelhas.com.br\/loja\/wp-json\/wp\/v2\/media\/1157"}],"wp:attachment":[{"href":"https:\/\/reidastelhas.com.br\/loja\/wp-json\/wp\/v2\/media?parent=1151"}],"wp:term":[{"taxonomy":"product_brand","embeddable":true,"href":"https:\/\/reidastelhas.com.br\/loja\/wp-json\/wp\/v2\/product_brand?post=1151"},{"taxonomy":"product_cat","embeddable":true,"href":"https:\/\/reidastelhas.com.br\/loja\/wp-json\/wp\/v2\/product_cat?post=1151"},{"taxonomy":"product_tag","embeddable":true,"href":"https:\/\/reidastelhas.com.br\/loja\/wp-json\/wp\/v2\/product_tag?post=1151"}],"curies":[{"name":"wp","href":"https:\/\/api.w.org\/{rel}","templated":true}]}}