{"id":1158,"date":"2025-11-13T11:34:21","date_gmt":"2025-11-13T14:34:21","guid":{"rendered":"https:\/\/reidastelhas.com.br\/loja\/?post_type=product&#038;p=1158"},"modified":"2025-11-26T15:00:32","modified_gmt":"2025-11-26T18:00:32","slug":"bavaro-gray","status":"publish","type":"product","link":"https:\/\/reidastelhas.com.br\/loja\/produto\/bavaro-gray\/","title":{"rendered":"B\u00e1varo Gray 20 x 20"},"content":{"rendered":"<p>Tom cinza (\u201cGray\u201d) que oferece neutralidade e versatilidade para diversos projetos de acabamento. Acabamento acetinado com relevo agrega textura ao ambiente, conferindo sofistica\u00e7\u00e3o e valor est\u00e9tico.<\/p>\n","protected":false},"excerpt":{"rendered":"<p><strong>Formato:<\/strong>\u00a020 x 20<br \/>\n<strong>Linha:<\/strong> B\u00e1varo<br \/>\n<strong>Espessura:<\/strong>\u00a06,5mm<br \/>\n<strong>Pe\u00e7as por Caixa:<\/strong>\u00a038<br \/>\n<strong>M\u00b2 por Caixa:<\/strong>\u00a01,52<br \/>\n<strong>Indica\u00e7\u00e3o de Uso:<\/strong>\u00a0\u00c1reas secas, \u00e1reas molhadas, \u00e1reas internas, \u00e1reas externas.<\/p>\n","protected":false},"featured_media":1167,"template":"","meta":{"_joinchat":[]},"product_brand":[221],"product_cat":[23,226],"product_tag":[],"class_list":{"0":"post-1158","1":"product","2":"type-product","3":"status-publish","4":"has-post-thumbnail","6":"product_brand-duefratelli","7":"product_cat-revestimentos","8":"product_cat-revestimentos-revestimentos","10":"first","11":"instock","12":"shipping-taxable","13":"purchasable","14":"product-type-simple"},"_links":{"self":[{"href":"https:\/\/reidastelhas.com.br\/loja\/wp-json\/wp\/v2\/product\/1158","targetHints":{"allow":["GET"]}}],"collection":[{"href":"https:\/\/reidastelhas.com.br\/loja\/wp-json\/wp\/v2\/product"}],"about":[{"href":"https:\/\/reidastelhas.com.br\/loja\/wp-json\/wp\/v2\/types\/product"}],"wp:featuredmedia":[{"embeddable":true,"href":"https:\/\/reidastelhas.com.br\/loja\/wp-json\/wp\/v2\/media\/1167"}],"wp:attachment":[{"href":"https:\/\/reidastelhas.com.br\/loja\/wp-json\/wp\/v2\/media?parent=1158"}],"wp:term":[{"taxonomy":"product_brand","embeddable":true,"href":"https:\/\/reidastelhas.com.br\/loja\/wp-json\/wp\/v2\/product_brand?post=1158"},{"taxonomy":"product_cat","embeddable":true,"href":"https:\/\/reidastelhas.com.br\/loja\/wp-json\/wp\/v2\/product_cat?post=1158"},{"taxonomy":"product_tag","embeddable":true,"href":"https:\/\/reidastelhas.com.br\/loja\/wp-json\/wp\/v2\/product_tag?post=1158"}],"curies":[{"name":"wp","href":"https:\/\/api.w.org\/{rel}","templated":true}]}}