{"id":1175,"date":"2025-11-13T11:44:46","date_gmt":"2025-11-13T14:44:46","guid":{"rendered":"https:\/\/reidastelhas.com.br\/loja\/?post_type=product&#038;p=1175"},"modified":"2025-11-26T15:01:12","modified_gmt":"2025-11-26T18:01:12","slug":"dimmed-ambrosia","status":"publish","type":"product","link":"https:\/\/reidastelhas.com.br\/loja\/produto\/dimmed-ambrosia\/","title":{"rendered":"Dimmed Ambr\u00f3sia 20 x 20"},"content":{"rendered":"<p>A tonalidade \u201cAmbr\u00f3sia\u201d traz um acabamento sofisticado, com brilho e relevo que oferecem forte impacto visual e textura ao ambiente. Preparo para uso em ambientes molhados ou externos (desde que respeitada instala\u00e7\u00e3o adequada), o que amplia a versatilidade do produto.<\/p>\n","protected":false},"excerpt":{"rendered":"<p><strong>Formato:<\/strong>\u00a020 x 20<br \/>\n<strong>Linha:<\/strong> Dimmed<br \/>\n<strong>Espessura:<\/strong>\u00a06,5mm<br \/>\n<strong>Pe\u00e7as por Caixa:<\/strong>\u00a038<br \/>\n<strong>M\u00b2 por Caixa:<\/strong>\u00a01,52<br \/>\n<strong>Indica\u00e7\u00e3o de Uso:<\/strong>\u00a0\u00c1reas secas, \u00e1reas molhadas, \u00e1reas internas, \u00e1reas externas.<\/p>\n","protected":false},"featured_media":1180,"template":"","meta":{"_joinchat":[]},"product_brand":[221],"product_cat":[23,226],"product_tag":[],"class_list":{"0":"post-1175","1":"product","2":"type-product","3":"status-publish","4":"has-post-thumbnail","6":"product_brand-duefratelli","7":"product_cat-revestimentos","8":"product_cat-revestimentos-revestimentos","10":"first","11":"instock","12":"shipping-taxable","13":"purchasable","14":"product-type-simple"},"_links":{"self":[{"href":"https:\/\/reidastelhas.com.br\/loja\/wp-json\/wp\/v2\/product\/1175","targetHints":{"allow":["GET"]}}],"collection":[{"href":"https:\/\/reidastelhas.com.br\/loja\/wp-json\/wp\/v2\/product"}],"about":[{"href":"https:\/\/reidastelhas.com.br\/loja\/wp-json\/wp\/v2\/types\/product"}],"wp:featuredmedia":[{"embeddable":true,"href":"https:\/\/reidastelhas.com.br\/loja\/wp-json\/wp\/v2\/media\/1180"}],"wp:attachment":[{"href":"https:\/\/reidastelhas.com.br\/loja\/wp-json\/wp\/v2\/media?parent=1175"}],"wp:term":[{"taxonomy":"product_brand","embeddable":true,"href":"https:\/\/reidastelhas.com.br\/loja\/wp-json\/wp\/v2\/product_brand?post=1175"},{"taxonomy":"product_cat","embeddable":true,"href":"https:\/\/reidastelhas.com.br\/loja\/wp-json\/wp\/v2\/product_cat?post=1175"},{"taxonomy":"product_tag","embeddable":true,"href":"https:\/\/reidastelhas.com.br\/loja\/wp-json\/wp\/v2\/product_tag?post=1175"}],"curies":[{"name":"wp","href":"https:\/\/api.w.org\/{rel}","templated":true}]}}