{"id":1241,"date":"2025-11-13T15:33:22","date_gmt":"2025-11-13T18:33:22","guid":{"rendered":"https:\/\/reidastelhas.com.br\/loja\/?post_type=product&#038;p=1241"},"modified":"2025-11-26T15:23:30","modified_gmt":"2025-11-26T18:23:30","slug":"luce-65-x-256","status":"publish","type":"product","link":"https:\/\/reidastelhas.com.br\/loja\/produto\/luce-65-x-256\/","title":{"rendered":"Luce 6,5 x 25,6"},"content":{"rendered":"<p data-start=\"234\" data-end=\"503\">O revestimento Luce ilumina e valoriza os ambientes com eleg\u00e2ncia e modernidade. Sua tonalidade clara e acabamento refinado proporcionam sensa\u00e7\u00e3o de amplitude e leveza, tornando-se ideal para projetos que buscam sofistica\u00e7\u00e3o e conforto visual.<\/p>\n<p data-start=\"505\" data-end=\"783\">No formato 6,5 x 25,6 cm, o Luce permite pagina\u00e7\u00f5es criativas em paredes internas, pain\u00e9is decorativos e \u00e1reas de destaque, garantindo um acabamento harmonioso e elegante. A superf\u00edcie acetinada confere toque suave e brilho discreto, destacando as nuances do material.<\/p>\n","protected":false},"excerpt":{"rendered":"<p><strong>Formato:<\/strong>\u00a06,5 x 25,6<br \/>\n<strong>Linha:<\/strong> Bricks<br \/>\n<strong>Espessura:<\/strong>\u00a06,5 mm<br \/>\n<strong>Pe\u00e7as por Caixa:<\/strong>\u00a0120<br \/>\n<strong>M\u00b2 por Caixa:<\/strong>\u00a02,03<br \/>\n<strong>Junta de Assentamento:<\/strong>\u00a02mm &#8211; ambiente interno \/ 4mm &#8211; ambiente externo<br \/>\n<strong>Indica\u00e7\u00e3o de Uso:<\/strong>\u00a0\u00c1reas secas, \u00e1reas molhadas, \u00e1reas internas, \u00e1reas externas.<\/p>\n","protected":false},"featured_media":1250,"template":"","meta":{"_joinchat":[]},"product_brand":[221],"product_cat":[23,226],"product_tag":[],"class_list":{"0":"post-1241","1":"product","2":"type-product","3":"status-publish","4":"has-post-thumbnail","6":"product_brand-duefratelli","7":"product_cat-revestimentos","8":"product_cat-revestimentos-revestimentos","10":"first","11":"instock","12":"shipping-taxable","13":"purchasable","14":"product-type-simple"},"_links":{"self":[{"href":"https:\/\/reidastelhas.com.br\/loja\/wp-json\/wp\/v2\/product\/1241","targetHints":{"allow":["GET"]}}],"collection":[{"href":"https:\/\/reidastelhas.com.br\/loja\/wp-json\/wp\/v2\/product"}],"about":[{"href":"https:\/\/reidastelhas.com.br\/loja\/wp-json\/wp\/v2\/types\/product"}],"wp:featuredmedia":[{"embeddable":true,"href":"https:\/\/reidastelhas.com.br\/loja\/wp-json\/wp\/v2\/media\/1250"}],"wp:attachment":[{"href":"https:\/\/reidastelhas.com.br\/loja\/wp-json\/wp\/v2\/media?parent=1241"}],"wp:term":[{"taxonomy":"product_brand","embeddable":true,"href":"https:\/\/reidastelhas.com.br\/loja\/wp-json\/wp\/v2\/product_brand?post=1241"},{"taxonomy":"product_cat","embeddable":true,"href":"https:\/\/reidastelhas.com.br\/loja\/wp-json\/wp\/v2\/product_cat?post=1241"},{"taxonomy":"product_tag","embeddable":true,"href":"https:\/\/reidastelhas.com.br\/loja\/wp-json\/wp\/v2\/product_tag?post=1241"}],"curies":[{"name":"wp","href":"https:\/\/api.w.org\/{rel}","templated":true}]}}