{"id":1252,"date":"2025-11-13T15:39:38","date_gmt":"2025-11-13T18:39:38","guid":{"rendered":"https:\/\/reidastelhas.com.br\/loja\/?post_type=product&#038;p=1252"},"modified":"2025-11-26T15:23:41","modified_gmt":"2025-11-26T18:23:41","slug":"caverna-65-x-256","status":"publish","type":"product","link":"https:\/\/reidastelhas.com.br\/loja\/produto\/caverna-65-x-256\/","title":{"rendered":"Caverna 6,5 x 25,6"},"content":{"rendered":"<p data-start=\"232\" data-end=\"512\">O revestimento Caverna traz a beleza natural e a rusticidade da pedra para seus ambientes, unindo estilo e sofistica\u00e7\u00e3o. Sua tonalidade neutra e acabamento detalhado proporcionam profundidade e personalidade, criando espa\u00e7os acolhedores e contempor\u00e2neos.<br \/>\nCom formato 6,5 x 25,6 cm, o Caverna permite composi\u00e7\u00f5es criativas em paredes internas, pain\u00e9is decorativos e \u00e1reas de destaque, conferindo um acabamento elegante e vers\u00e1til. O acabamento acetinado oferece toque suave e brilho discreto, valorizando cores e texturas do material.<\/p>\n","protected":false},"excerpt":{"rendered":"<p><strong>Formato:<\/strong>\u00a06,5 x 25,6<br \/>\n<strong>Linha:<\/strong> Sense<br \/>\n<strong>Espessura:<\/strong>\u00a06 mm<br \/>\n<strong>Pe\u00e7as por Caixa:<\/strong>\u00a0123<br \/>\n<strong>M\u00b2 por Caixa:<\/strong>\u00a02,07<br \/>\n<strong>Junta de Assentamento:<\/strong>\u00a02mm &#8211; ambiente interno \/ 4mm &#8211; ambiente externo<br \/>\n<strong>Indica\u00e7\u00e3o de Uso:<\/strong>\u00a0\u00c1reas secas, \u00e1reas molhadas, \u00e1reas internas, \u00e1reas externas.<\/p>\n","protected":false},"featured_media":1256,"template":"","meta":{"_joinchat":[]},"product_brand":[221],"product_cat":[23,226],"product_tag":[],"class_list":{"0":"post-1252","1":"product","2":"type-product","3":"status-publish","4":"has-post-thumbnail","6":"product_brand-duefratelli","7":"product_cat-revestimentos","8":"product_cat-revestimentos-revestimentos","10":"first","11":"instock","12":"shipping-taxable","13":"purchasable","14":"product-type-simple"},"_links":{"self":[{"href":"https:\/\/reidastelhas.com.br\/loja\/wp-json\/wp\/v2\/product\/1252","targetHints":{"allow":["GET"]}}],"collection":[{"href":"https:\/\/reidastelhas.com.br\/loja\/wp-json\/wp\/v2\/product"}],"about":[{"href":"https:\/\/reidastelhas.com.br\/loja\/wp-json\/wp\/v2\/types\/product"}],"wp:featuredmedia":[{"embeddable":true,"href":"https:\/\/reidastelhas.com.br\/loja\/wp-json\/wp\/v2\/media\/1256"}],"wp:attachment":[{"href":"https:\/\/reidastelhas.com.br\/loja\/wp-json\/wp\/v2\/media?parent=1252"}],"wp:term":[{"taxonomy":"product_brand","embeddable":true,"href":"https:\/\/reidastelhas.com.br\/loja\/wp-json\/wp\/v2\/product_brand?post=1252"},{"taxonomy":"product_cat","embeddable":true,"href":"https:\/\/reidastelhas.com.br\/loja\/wp-json\/wp\/v2\/product_cat?post=1252"},{"taxonomy":"product_tag","embeddable":true,"href":"https:\/\/reidastelhas.com.br\/loja\/wp-json\/wp\/v2\/product_tag?post=1252"}],"curies":[{"name":"wp","href":"https:\/\/api.w.org\/{rel}","templated":true}]}}