{"id":1282,"date":"2025-11-13T17:25:58","date_gmt":"2025-11-13T20:25:58","guid":{"rendered":"https:\/\/reidastelhas.com.br\/loja\/?post_type=product&#038;p=1282"},"modified":"2025-11-26T15:25:11","modified_gmt":"2025-11-26T18:25:11","slug":"garopaba-destonalizado-65-x-256","status":"publish","type":"product","link":"https:\/\/reidastelhas.com.br\/loja\/produto\/garopaba-destonalizado-65-x-256\/","title":{"rendered":"Garopaba &#8211; Destonalizado 6,5 X 25,6"},"content":{"rendered":"<p data-start=\"263\" data-end=\"587\">O <strong data-start=\"265\" data-end=\"304\">revestimento Garopaba <\/strong>traz um visual r\u00fastico e natural, inspirado nas nuances e irregularidades da madeira, ideal para criar ambientes acolhedores e cheios de personalidade. Sua textura e tonalidades vari\u00e1veis proporcionam um efeito aut\u00eantico e moderno, valorizando qualquer espa\u00e7o.<\/p>\n<p data-start=\"589\" data-end=\"876\">No formato <strong data-start=\"600\" data-end=\"617\">6,5 x 25,6 cm<\/strong>, permite composi\u00e7\u00f5es criativas em <strong data-start=\"677\" data-end=\"738\">paredes internas, pain\u00e9is decorativos e \u00e1reas de destaque<\/strong>, garantindo acabamento harmonioso e elegante. A superf\u00edcie acetinada proporciona toque suave e realce das cores e texturas do material.<\/p>\n","protected":false},"excerpt":{"rendered":"<p><strong>Formato:<\/strong>\u00a06,5 X 25,6<br \/>\n<strong>Linha:<\/strong> Praia<br \/>\n<strong>Espessura:<\/strong>\u00a06,5 mm<br \/>\n<strong>Pe\u00e7as por Caixa:<\/strong>\u00a0123<br \/>\n<strong>M\u00b2 por Caixa:<\/strong>\u00a02,07<br \/>\n<strong>Junta de Assentamento:<\/strong>\u00a02mm &#8211; ambiente interno \/ 4mm &#8211; ambiente externo<br \/>\n<strong>Indica\u00e7\u00e3o de Uso:<\/strong>\u00a0\u00c1reas secas, \u00e1reas molhadas, \u00e1reas internas, \u00e1reas externas.<\/p>\n","protected":false},"featured_media":1283,"template":"","meta":{"_joinchat":[]},"product_brand":[222],"product_cat":[23,226],"product_tag":[],"class_list":{"0":"post-1282","1":"product","2":"type-product","3":"status-publish","4":"has-post-thumbnail","6":"product_brand-pierini","7":"product_cat-revestimentos","8":"product_cat-revestimentos-revestimentos","10":"first","11":"instock","12":"shipping-taxable","13":"purchasable","14":"product-type-simple"},"_links":{"self":[{"href":"https:\/\/reidastelhas.com.br\/loja\/wp-json\/wp\/v2\/product\/1282","targetHints":{"allow":["GET"]}}],"collection":[{"href":"https:\/\/reidastelhas.com.br\/loja\/wp-json\/wp\/v2\/product"}],"about":[{"href":"https:\/\/reidastelhas.com.br\/loja\/wp-json\/wp\/v2\/types\/product"}],"wp:featuredmedia":[{"embeddable":true,"href":"https:\/\/reidastelhas.com.br\/loja\/wp-json\/wp\/v2\/media\/1283"}],"wp:attachment":[{"href":"https:\/\/reidastelhas.com.br\/loja\/wp-json\/wp\/v2\/media?parent=1282"}],"wp:term":[{"taxonomy":"product_brand","embeddable":true,"href":"https:\/\/reidastelhas.com.br\/loja\/wp-json\/wp\/v2\/product_brand?post=1282"},{"taxonomy":"product_cat","embeddable":true,"href":"https:\/\/reidastelhas.com.br\/loja\/wp-json\/wp\/v2\/product_cat?post=1282"},{"taxonomy":"product_tag","embeddable":true,"href":"https:\/\/reidastelhas.com.br\/loja\/wp-json\/wp\/v2\/product_tag?post=1282"}],"curies":[{"name":"wp","href":"https:\/\/api.w.org\/{rel}","templated":true}]}}