{"id":1312,"date":"2025-11-14T16:22:32","date_gmt":"2025-11-14T19:22:32","guid":{"rendered":"https:\/\/reidastelhas.com.br\/loja\/?post_type=product&#038;p=1312"},"modified":"2025-11-26T15:26:20","modified_gmt":"2025-11-26T18:26:20","slug":"vitral-65-x-256","status":"publish","type":"product","link":"https:\/\/reidastelhas.com.br\/loja\/produto\/vitral-65-x-256\/","title":{"rendered":"Vitral 6,5 X 25,6"},"content":{"rendered":"<p>O Vitral \u00e9 ideal para quem deseja agregar personalidade e requinte aos ambientes. Seu acabamento tipo vidro cria um efeito transl\u00facido \u00fanico, refletindo luz e proporcionando sensa\u00e7\u00e3o de amplitude. Vers\u00e1til e contempor\u00e2neo, pode ser aplicado em diversas pagina\u00e7\u00f5es. Recomenda-se para paredes internas, trazendo charme especial a cozinhas, banheiros, lavabos, \u00e1reas gourmet e pain\u00e9is decorativos que valorizam brilho e profundidade.<\/p>\n","protected":false},"excerpt":{"rendered":"<p><strong>Formato:<\/strong>\u00a06,5 X 25,6<br \/>\n<strong>Linha:<\/strong> Cristal<br \/>\n<strong>Espessura:<\/strong>\u00a06,5 mm<br \/>\n<strong>Pe\u00e7as por Caixa:<\/strong>\u00a0123<br \/>\n<strong>M\u00b2 por Caixa:<\/strong>\u00a02,07<br \/>\n<strong>Junta de Assentamento:<\/strong>\u00a02mm &#8211; ambiente interno \/ 4mm &#8211; ambiente externo<br \/>\n<strong>Indica\u00e7\u00e3o de Uso:<\/strong>\u00a0\u00c1reas secas, \u00e1reas<\/p>\n","protected":false},"featured_media":1316,"template":"","meta":{"_joinchat":[]},"product_brand":[222],"product_cat":[23,226],"product_tag":[],"class_list":{"0":"post-1312","1":"product","2":"type-product","3":"status-publish","4":"has-post-thumbnail","6":"product_brand-pierini","7":"product_cat-revestimentos","8":"product_cat-revestimentos-revestimentos","10":"first","11":"instock","12":"shipping-taxable","13":"purchasable","14":"product-type-simple"},"_links":{"self":[{"href":"https:\/\/reidastelhas.com.br\/loja\/wp-json\/wp\/v2\/product\/1312","targetHints":{"allow":["GET"]}}],"collection":[{"href":"https:\/\/reidastelhas.com.br\/loja\/wp-json\/wp\/v2\/product"}],"about":[{"href":"https:\/\/reidastelhas.com.br\/loja\/wp-json\/wp\/v2\/types\/product"}],"wp:featuredmedia":[{"embeddable":true,"href":"https:\/\/reidastelhas.com.br\/loja\/wp-json\/wp\/v2\/media\/1316"}],"wp:attachment":[{"href":"https:\/\/reidastelhas.com.br\/loja\/wp-json\/wp\/v2\/media?parent=1312"}],"wp:term":[{"taxonomy":"product_brand","embeddable":true,"href":"https:\/\/reidastelhas.com.br\/loja\/wp-json\/wp\/v2\/product_brand?post=1312"},{"taxonomy":"product_cat","embeddable":true,"href":"https:\/\/reidastelhas.com.br\/loja\/wp-json\/wp\/v2\/product_cat?post=1312"},{"taxonomy":"product_tag","embeddable":true,"href":"https:\/\/reidastelhas.com.br\/loja\/wp-json\/wp\/v2\/product_tag?post=1312"}],"curies":[{"name":"wp","href":"https:\/\/api.w.org\/{rel}","templated":true}]}}