{"id":1317,"date":"2025-11-14T16:27:39","date_gmt":"2025-11-14T19:27:39","guid":{"rendered":"https:\/\/reidastelhas.com.br\/loja\/?post_type=product&#038;p=1317"},"modified":"2025-11-26T15:27:04","modified_gmt":"2025-11-26T18:27:04","slug":"preto-brilho-20-x-20","status":"publish","type":"product","link":"https:\/\/reidastelhas.com.br\/loja\/produto\/preto-brilho-20-x-20\/","title":{"rendered":"Preto Brilho 6,5 X 25,6"},"content":{"rendered":"<p data-start=\"714\" data-end=\"1329\">O <strong data-start=\"716\" data-end=\"743\">Preto Brilho <\/strong>\u00e9 a escolha perfeita para ambientes que exigem eleg\u00e2ncia, modernidade e presen\u00e7a. Seu acabamento brilhante cria um efeito espelhado que reflete luz e adiciona profundidade ao espa\u00e7o, destacando m\u00f3veis, ilumina\u00e7\u00e3o e detalhes decorativos. O formato retangular permite in\u00fameras composi\u00e7\u00f5es criativas, do cl\u00e1ssico tijolinho \u00e0s pagina\u00e7\u00f5es mais ousadas, tornando o revestimento ideal para paredes internas, como cozinhas, banheiros, \u00e1reas gourmet e espa\u00e7os decorativos. A cor preta intensa garante um visual sofisticado e atemporal, transformando qualquer ambiente em um ponto de destaque.<\/p>\n","protected":false},"excerpt":{"rendered":"<p><strong>Formato:<\/strong>\u00a06,5 X 25,6<br \/>\n<strong>Linha:<\/strong> Cristal<br \/>\n<strong>Espessura:<\/strong>\u00a06,5 mm<br \/>\n<strong>Pe\u00e7as por Caixa:<\/strong>\u00a0123<br \/>\n<strong>M\u00b2 por Caixa:<\/strong>\u00a02,07<br \/>\n<strong>Junta de Assentamento:<\/strong>\u00a02mm &#8211; ambiente interno \/ 4mm &#8211; ambiente externo<br \/>\n<strong>Indica\u00e7\u00e3o de Uso:<\/strong>\u00a0\u00c1reas secas, \u00e1reas molhadas, \u00e1reas internas, \u00e1reas externas.<\/p>\n","protected":false},"featured_media":1328,"template":"","meta":{"_joinchat":[]},"product_brand":[],"product_cat":[23,226],"product_tag":[],"class_list":{"0":"post-1317","1":"product","2":"type-product","3":"status-publish","4":"has-post-thumbnail","6":"product_cat-revestimentos","7":"product_cat-revestimentos-revestimentos","9":"first","10":"instock","11":"shipping-taxable","12":"purchasable","13":"product-type-simple"},"_links":{"self":[{"href":"https:\/\/reidastelhas.com.br\/loja\/wp-json\/wp\/v2\/product\/1317","targetHints":{"allow":["GET"]}}],"collection":[{"href":"https:\/\/reidastelhas.com.br\/loja\/wp-json\/wp\/v2\/product"}],"about":[{"href":"https:\/\/reidastelhas.com.br\/loja\/wp-json\/wp\/v2\/types\/product"}],"wp:featuredmedia":[{"embeddable":true,"href":"https:\/\/reidastelhas.com.br\/loja\/wp-json\/wp\/v2\/media\/1328"}],"wp:attachment":[{"href":"https:\/\/reidastelhas.com.br\/loja\/wp-json\/wp\/v2\/media?parent=1317"}],"wp:term":[{"taxonomy":"product_brand","embeddable":true,"href":"https:\/\/reidastelhas.com.br\/loja\/wp-json\/wp\/v2\/product_brand?post=1317"},{"taxonomy":"product_cat","embeddable":true,"href":"https:\/\/reidastelhas.com.br\/loja\/wp-json\/wp\/v2\/product_cat?post=1317"},{"taxonomy":"product_tag","embeddable":true,"href":"https:\/\/reidastelhas.com.br\/loja\/wp-json\/wp\/v2\/product_tag?post=1317"}],"curies":[{"name":"wp","href":"https:\/\/api.w.org\/{rel}","templated":true}]}}