{"id":1338,"date":"2025-11-17T10:18:00","date_gmt":"2025-11-17T13:18:00","guid":{"rendered":"https:\/\/reidastelhas.com.br\/loja\/?post_type=product&#038;p=1338"},"modified":"2025-11-26T15:30:07","modified_gmt":"2025-11-26T18:30:07","slug":"aventurina-65-x-256","status":"publish","type":"product","link":"https:\/\/reidastelhas.com.br\/loja\/produto\/aventurina-65-x-256\/","title":{"rendered":"Aventurina  6,5 x 25,6"},"content":{"rendered":"<p data-start=\"267\" data-end=\"560\">O Aventurina \u00a0foi desenvolvido para transformar ambientes com um toque de eleg\u00e2ncia e modernidade. Seu formato alongado permite composi\u00e7\u00f5es vers\u00e1teis, criando efeitos visuais capazes de valorizar qualquer espa\u00e7o.<\/p>\n<p data-start=\"562\" data-end=\"851\">Com superf\u00edcie cuidadosamente trabalhada e brilho sutil que remete \u00e0 pedra aventurina, o revestimento adiciona profundidade, movimento e luminosidade \u00e0s paredes. \u00c9 ideal para cozinhas, banheiros, lavabos, \u00e1reas sociais e pain\u00e9is decorativos, trazendo personalidade sem perder a leveza.<\/p>\n","protected":false},"excerpt":{"rendered":"<p><strong>Formato:<\/strong>\u00a06,5 x 25,6<br \/>\n<strong>Linha:<\/strong> Luminar<br \/>\n<strong>Espessura:<\/strong>\u00a06,8mm<br \/>\n<strong>Pe\u00e7as por Caixa:<\/strong>\u00a0123<br \/>\n<strong>M\u00b2 por Caixa:<\/strong>\u00a02,07<br \/>\n<strong>Indica\u00e7\u00e3o de Uso:<\/strong>\u00a0\u00c1reas secas, \u00e1reas molhadas, \u00e1reas internas, \u00e1reas externas.<\/p>\n","protected":false},"featured_media":1343,"template":"","meta":{"_joinchat":[]},"product_brand":[221],"product_cat":[23,226],"product_tag":[],"class_list":{"0":"post-1338","1":"product","2":"type-product","3":"status-publish","4":"has-post-thumbnail","6":"product_brand-duefratelli","7":"product_cat-revestimentos","8":"product_cat-revestimentos-revestimentos","10":"first","11":"instock","12":"shipping-taxable","13":"purchasable","14":"product-type-simple"},"_links":{"self":[{"href":"https:\/\/reidastelhas.com.br\/loja\/wp-json\/wp\/v2\/product\/1338","targetHints":{"allow":["GET"]}}],"collection":[{"href":"https:\/\/reidastelhas.com.br\/loja\/wp-json\/wp\/v2\/product"}],"about":[{"href":"https:\/\/reidastelhas.com.br\/loja\/wp-json\/wp\/v2\/types\/product"}],"wp:featuredmedia":[{"embeddable":true,"href":"https:\/\/reidastelhas.com.br\/loja\/wp-json\/wp\/v2\/media\/1343"}],"wp:attachment":[{"href":"https:\/\/reidastelhas.com.br\/loja\/wp-json\/wp\/v2\/media?parent=1338"}],"wp:term":[{"taxonomy":"product_brand","embeddable":true,"href":"https:\/\/reidastelhas.com.br\/loja\/wp-json\/wp\/v2\/product_brand?post=1338"},{"taxonomy":"product_cat","embeddable":true,"href":"https:\/\/reidastelhas.com.br\/loja\/wp-json\/wp\/v2\/product_cat?post=1338"},{"taxonomy":"product_tag","embeddable":true,"href":"https:\/\/reidastelhas.com.br\/loja\/wp-json\/wp\/v2\/product_tag?post=1338"}],"curies":[{"name":"wp","href":"https:\/\/api.w.org\/{rel}","templated":true}]}}