{"id":1382,"date":"2025-11-17T11:08:11","date_gmt":"2025-11-17T14:08:11","guid":{"rendered":"https:\/\/reidastelhas.com.br\/loja\/?post_type=product&#038;p=1382"},"modified":"2025-11-26T15:40:23","modified_gmt":"2025-11-26T18:40:23","slug":"marrocos-65-x-256","status":"publish","type":"product","link":"https:\/\/reidastelhas.com.br\/loja\/produto\/marrocos-65-x-256\/","title":{"rendered":"Marrocos 6,5 x 25,6"},"content":{"rendered":"<p data-start=\"230\" data-end=\"553\">O Marrocos traz para a decora\u00e7\u00e3o o encanto e a riqueza visual da arquitetura marroquina. Com nuances quentes, texturas delicadamente artesanais e um acabamento que remete ao tradicional trabalho manual do Norte da \u00c1frica, esse revestimento cria ambientes repletos de personalidade, eleg\u00e2ncia e autenticidade.<\/p>\n<p data-start=\"555\" data-end=\"928\">Seu formato alongado oferece in\u00fameras possibilidades de pagina\u00e7\u00e3o, permitindo adapta\u00e7\u00f5es a estilos que v\u00e3o do r\u00fastico sofisticado ao contempor\u00e2neo. Ideal para cozinhas, banheiros, lavabos, \u00e1reas sociais e paredes de destaque, o Marrocos transforma qualquer espa\u00e7o com um toque ex\u00f3tico e acolhedor.<\/p>\n","protected":false},"excerpt":{"rendered":"<p><strong>Formato:<\/strong>\u00a06,5 x 25,6<br \/>\n<strong>Linha:<\/strong> Bricks st<br \/>\n<strong>Espessura:<\/strong>\u00a06 mm<br \/>\n<strong>Pe\u00e7as por Caixa:<\/strong>\u00a0123<br \/>\n<strong>M\u00b2 por Caixa:<\/strong>\u00a02,07<br \/>\n<strong>Junta de Assentamento:<\/strong>\u00a02mm &#8211; ambiente interno \/ 4mm &#8211; ambiente externo<br \/>\n<strong>Indica\u00e7\u00e3o de Uso:<\/strong>\u00a0\u00c1reas secas, \u00e1reas molhadas, \u00e1reas internas, \u00e1reas externas.<\/p>\n","protected":false},"featured_media":1390,"template":"","meta":{"_joinchat":[]},"product_brand":[221],"product_cat":[23,226],"product_tag":[],"class_list":{"0":"post-1382","1":"product","2":"type-product","3":"status-publish","4":"has-post-thumbnail","6":"product_brand-duefratelli","7":"product_cat-revestimentos","8":"product_cat-revestimentos-revestimentos","10":"first","11":"instock","12":"shipping-taxable","13":"purchasable","14":"product-type-simple"},"_links":{"self":[{"href":"https:\/\/reidastelhas.com.br\/loja\/wp-json\/wp\/v2\/product\/1382","targetHints":{"allow":["GET"]}}],"collection":[{"href":"https:\/\/reidastelhas.com.br\/loja\/wp-json\/wp\/v2\/product"}],"about":[{"href":"https:\/\/reidastelhas.com.br\/loja\/wp-json\/wp\/v2\/types\/product"}],"wp:featuredmedia":[{"embeddable":true,"href":"https:\/\/reidastelhas.com.br\/loja\/wp-json\/wp\/v2\/media\/1390"}],"wp:attachment":[{"href":"https:\/\/reidastelhas.com.br\/loja\/wp-json\/wp\/v2\/media?parent=1382"}],"wp:term":[{"taxonomy":"product_brand","embeddable":true,"href":"https:\/\/reidastelhas.com.br\/loja\/wp-json\/wp\/v2\/product_brand?post=1382"},{"taxonomy":"product_cat","embeddable":true,"href":"https:\/\/reidastelhas.com.br\/loja\/wp-json\/wp\/v2\/product_cat?post=1382"},{"taxonomy":"product_tag","embeddable":true,"href":"https:\/\/reidastelhas.com.br\/loja\/wp-json\/wp\/v2\/product_tag?post=1382"}],"curies":[{"name":"wp","href":"https:\/\/api.w.org\/{rel}","templated":true}]}}