{"id":1453,"date":"2025-11-17T14:06:02","date_gmt":"2025-11-17T17:06:02","guid":{"rendered":"https:\/\/reidastelhas.com.br\/loja\/?post_type=product&#038;p=1453"},"modified":"2025-11-26T15:43:14","modified_gmt":"2025-11-26T18:43:14","slug":"ondas-soft-20-x-20","status":"publish","type":"product","link":"https:\/\/reidastelhas.com.br\/loja\/produto\/ondas-soft-20-x-20\/","title":{"rendered":"Ondas Soft 20 X 20"},"content":{"rendered":"<p data-start=\"208\" data-end=\"477\">O Ondas Soft traz um design fluido inspirado no movimento natural das ondas, com relevo suave que cria um efeito elegante e sutil de luz e sombra. Sua tonalidade clara transmite conforto e serenidade, tornando o ambiente mais leve, harmonioso e convidativo.<\/p>\n<p data-start=\"479\" data-end=\"723\">Com formato quadrado \u00e9 ideal para banheiros, lavabos, cozinhas, \u00e1reas de bem-estar, quartos infantis e paredes de destaque, adicionando textura, profundidade e um toque de modernidade sem perder a delicadeza.<\/p>\n","protected":false},"excerpt":{"rendered":"<p><strong>Formato:<\/strong>\u00a020 X 20<br \/>\n<strong>Linha:<\/strong> Ondas<br \/>\n<strong>Espessura:<\/strong>\u00a06,5mm<br \/>\n<strong>M\u00b2 por Caixa:<\/strong>\u00a01,52<br \/>\n<strong>Indica\u00e7\u00e3o de Uso:<\/strong>\u00a0\u00c1reas secas, \u00e1reas molhadas, \u00e1reas internas, \u00e1reas externas<\/p>\n","protected":false},"featured_media":1457,"template":"","meta":{"_joinchat":[]},"product_brand":[222],"product_cat":[23,226],"product_tag":[],"class_list":{"0":"post-1453","1":"product","2":"type-product","3":"status-publish","4":"has-post-thumbnail","6":"product_brand-pierini","7":"product_cat-revestimentos","8":"product_cat-revestimentos-revestimentos","10":"first","11":"instock","12":"shipping-taxable","13":"purchasable","14":"product-type-simple"},"_links":{"self":[{"href":"https:\/\/reidastelhas.com.br\/loja\/wp-json\/wp\/v2\/product\/1453","targetHints":{"allow":["GET"]}}],"collection":[{"href":"https:\/\/reidastelhas.com.br\/loja\/wp-json\/wp\/v2\/product"}],"about":[{"href":"https:\/\/reidastelhas.com.br\/loja\/wp-json\/wp\/v2\/types\/product"}],"wp:featuredmedia":[{"embeddable":true,"href":"https:\/\/reidastelhas.com.br\/loja\/wp-json\/wp\/v2\/media\/1457"}],"wp:attachment":[{"href":"https:\/\/reidastelhas.com.br\/loja\/wp-json\/wp\/v2\/media?parent=1453"}],"wp:term":[{"taxonomy":"product_brand","embeddable":true,"href":"https:\/\/reidastelhas.com.br\/loja\/wp-json\/wp\/v2\/product_brand?post=1453"},{"taxonomy":"product_cat","embeddable":true,"href":"https:\/\/reidastelhas.com.br\/loja\/wp-json\/wp\/v2\/product_cat?post=1453"},{"taxonomy":"product_tag","embeddable":true,"href":"https:\/\/reidastelhas.com.br\/loja\/wp-json\/wp\/v2\/product_tag?post=1453"}],"curies":[{"name":"wp","href":"https:\/\/api.w.org\/{rel}","templated":true}]}}