{"id":1458,"date":"2025-11-17T14:10:30","date_gmt":"2025-11-17T17:10:30","guid":{"rendered":"https:\/\/reidastelhas.com.br\/loja\/?post_type=product&#038;p=1458"},"modified":"2025-11-26T15:43:29","modified_gmt":"2025-11-26T18:43:29","slug":"ondas-sea-20-x-20","status":"publish","type":"product","link":"https:\/\/reidastelhas.com.br\/loja\/produto\/ondas-sea-20-x-20\/","title":{"rendered":"Ondas Sea 20 X 20"},"content":{"rendered":"<p data-start=\"196\" data-end=\"556\">O Ondas Sea\u00a0traz o charme do movimento das ondas combinado ao frescor dos tons mar\u00edtimos, criando um visual leve, moderno e naturalmente elegante. Seu relevo suave produz um jogo refinado de luz e sombra, adicionando profundidade e dinamismo \u00e0s paredes. A tonalidade Sea evoca tranquilidade, frescor e a sensa\u00e7\u00e3o acolhedora das paisagens costeiras.<\/p>\n<p data-start=\"558\" data-end=\"868\">Com formato quadrado, o revestimento permite composi\u00e7\u00f5es harm\u00f4nicas e atemporais, sendo ideal para banheiros, lavabos, cozinhas, \u00e1reas de bem-estar, quartos e paredes de destaque. O Ondas Sea \u00e9 a escolha perfeita para quem busca um ambiente refrescante, sofisticado e cheio de personalidade.<\/p>\n","protected":false},"excerpt":{"rendered":"<p><strong>Formato:<\/strong>\u00a020 X 20<br \/>\n<strong>Linha:<\/strong> Ondas<br \/>\n<strong>Espessura:<\/strong>\u00a06,5mm<br \/>\n<strong>M\u00b2 por Caixa:<\/strong>\u00a01,52<br \/>\n<strong>Indica\u00e7\u00e3o de Uso:<\/strong>\u00a0\u00c1reas secas, \u00e1reas molhadas, \u00e1reas internas, \u00e1reas externas.<\/p>\n","protected":false},"featured_media":1459,"template":"","meta":{"_joinchat":[]},"product_brand":[222],"product_cat":[23,226],"product_tag":[],"class_list":{"0":"post-1458","1":"product","2":"type-product","3":"status-publish","4":"has-post-thumbnail","6":"product_brand-pierini","7":"product_cat-revestimentos","8":"product_cat-revestimentos-revestimentos","10":"first","11":"instock","12":"shipping-taxable","13":"purchasable","14":"product-type-simple"},"_links":{"self":[{"href":"https:\/\/reidastelhas.com.br\/loja\/wp-json\/wp\/v2\/product\/1458","targetHints":{"allow":["GET"]}}],"collection":[{"href":"https:\/\/reidastelhas.com.br\/loja\/wp-json\/wp\/v2\/product"}],"about":[{"href":"https:\/\/reidastelhas.com.br\/loja\/wp-json\/wp\/v2\/types\/product"}],"wp:featuredmedia":[{"embeddable":true,"href":"https:\/\/reidastelhas.com.br\/loja\/wp-json\/wp\/v2\/media\/1459"}],"wp:attachment":[{"href":"https:\/\/reidastelhas.com.br\/loja\/wp-json\/wp\/v2\/media?parent=1458"}],"wp:term":[{"taxonomy":"product_brand","embeddable":true,"href":"https:\/\/reidastelhas.com.br\/loja\/wp-json\/wp\/v2\/product_brand?post=1458"},{"taxonomy":"product_cat","embeddable":true,"href":"https:\/\/reidastelhas.com.br\/loja\/wp-json\/wp\/v2\/product_cat?post=1458"},{"taxonomy":"product_tag","embeddable":true,"href":"https:\/\/reidastelhas.com.br\/loja\/wp-json\/wp\/v2\/product_tag?post=1458"}],"curies":[{"name":"wp","href":"https:\/\/api.w.org\/{rel}","templated":true}]}}