{"id":1513,"date":"2025-11-17T15:53:10","date_gmt":"2025-11-17T18:53:10","guid":{"rendered":"https:\/\/reidastelhas.com.br\/loja\/?post_type=product&#038;p=1513"},"modified":"2025-11-26T15:45:19","modified_gmt":"2025-11-26T18:45:19","slug":"ice-26-x-26","status":"publish","type":"product","link":"https:\/\/reidastelhas.com.br\/loja\/produto\/ice-26-x-26\/","title":{"rendered":"Ice 26 X 26"},"content":{"rendered":"<p data-start=\"192\" data-end=\"520\">Ice \u00e9 um revestimento que transmite leveza, pureza e modernidade. Sua tonalidade clara e suave cria ambientes amplos, iluminados e serenos, perfeito para quem busca um visual clean e atemporal. Com acabamento elegante e discreto, ele harmoniza com diferentes estilos de decora\u00e7\u00e3o, do minimalista ao contempor\u00e2neo.<\/p>\n<p data-start=\"522\" data-end=\"812\">\n","protected":false},"excerpt":{"rendered":"<p><strong>Formato:<\/strong>\u00a026 X 26<br \/>\n<strong>Linha:<\/strong> Floor 26X30<br \/>\n<strong>Espessura:<\/strong>\u00a07mm<br \/>\n<strong>Pe\u00e7as por Caixa:<\/strong>\u00a023<br \/>\n<strong>M\u00b2 por Caixa:<\/strong>\u00a01,55<br \/>\n<strong>Indica\u00e7\u00e3o de Uso:<\/strong>\u00a0\u00c1reas secas, \u00e1reas molhadas, \u00e1reas internas, \u00e1reas externas.<\/p>\n","protected":false},"featured_media":1520,"template":"","meta":{"_joinchat":[]},"product_brand":[222],"product_cat":[23,226],"product_tag":[],"class_list":{"0":"post-1513","1":"product","2":"type-product","3":"status-publish","4":"has-post-thumbnail","6":"product_brand-pierini","7":"product_cat-revestimentos","8":"product_cat-revestimentos-revestimentos","10":"first","11":"instock","12":"shipping-taxable","13":"purchasable","14":"product-type-simple"},"_links":{"self":[{"href":"https:\/\/reidastelhas.com.br\/loja\/wp-json\/wp\/v2\/product\/1513","targetHints":{"allow":["GET"]}}],"collection":[{"href":"https:\/\/reidastelhas.com.br\/loja\/wp-json\/wp\/v2\/product"}],"about":[{"href":"https:\/\/reidastelhas.com.br\/loja\/wp-json\/wp\/v2\/types\/product"}],"wp:featuredmedia":[{"embeddable":true,"href":"https:\/\/reidastelhas.com.br\/loja\/wp-json\/wp\/v2\/media\/1520"}],"wp:attachment":[{"href":"https:\/\/reidastelhas.com.br\/loja\/wp-json\/wp\/v2\/media?parent=1513"}],"wp:term":[{"taxonomy":"product_brand","embeddable":true,"href":"https:\/\/reidastelhas.com.br\/loja\/wp-json\/wp\/v2\/product_brand?post=1513"},{"taxonomy":"product_cat","embeddable":true,"href":"https:\/\/reidastelhas.com.br\/loja\/wp-json\/wp\/v2\/product_cat?post=1513"},{"taxonomy":"product_tag","embeddable":true,"href":"https:\/\/reidastelhas.com.br\/loja\/wp-json\/wp\/v2\/product_tag?post=1513"}],"curies":[{"name":"wp","href":"https:\/\/api.w.org\/{rel}","templated":true}]}}