{"id":1525,"date":"2025-11-17T16:09:16","date_gmt":"2025-11-17T19:09:16","guid":{"rendered":"https:\/\/reidastelhas.com.br\/loja\/?post_type=product&#038;p=1525"},"modified":"2025-11-26T15:45:55","modified_gmt":"2025-11-26T18:45:55","slug":"o-majestic-26-x-26-e-um-revestimento-que-se-destaca-pela-sua-estetica-refinada-e-presenca-marcante-com-tonalidade-elegante-e-acabamento-cuidadosamente-trabalhado-ele-cria-ambientes-sofisticados-amp","status":"publish","type":"product","link":"https:\/\/reidastelhas.com.br\/loja\/produto\/o-majestic-26-x-26-e-um-revestimento-que-se-destaca-pela-sua-estetica-refinada-e-presenca-marcante-com-tonalidade-elegante-e-acabamento-cuidadosamente-trabalhado-ele-cria-ambientes-sofisticados-amp\/","title":{"rendered":"Majestic 26 x 26"},"content":{"rendered":"<p>O <strong data-start=\"203\" data-end=\"223\">Majestic <\/strong>\u00e9 um revestimento que se destaca pela sua est\u00e9tica refinada e presen\u00e7a marcante. Com tonalidade elegante e acabamento cuidadosamente trabalhado, ele cria ambientes sofisticados, amplos e cheios de personalidade. Seu visual equilibrado combina perfeitamente com projetos cl\u00e1ssicos, modernos ou contempor\u00e2neos, oferecendo um toque de impon\u00eancia sem perder a harmonia<\/p>\n","protected":false},"excerpt":{"rendered":"<p><strong>Formato:<\/strong>\u00a026 X 26<br \/>\n<strong>Linha:<\/strong> Floor 26X26<br \/>\n<strong>Espessura:<\/strong>\u00a07mm<br \/>\n<strong>Pe\u00e7as por Caixa:<\/strong>\u00a023<br \/>\n<strong>M\u00b2 por Caixa:<\/strong>\u00a01,55<br \/>\n<strong>Indica\u00e7\u00e3o de Uso:<\/strong>\u00a0\u00c1reas secas, \u00e1reas molhadas, \u00e1reas internas, \u00e1reas externas.<\/p>\n","protected":false},"featured_media":1531,"template":"","meta":{"_joinchat":[]},"product_brand":[222],"product_cat":[23,226],"product_tag":[],"class_list":{"0":"post-1525","1":"product","2":"type-product","3":"status-publish","4":"has-post-thumbnail","6":"product_brand-pierini","7":"product_cat-revestimentos","8":"product_cat-revestimentos-revestimentos","10":"first","11":"instock","12":"shipping-taxable","13":"purchasable","14":"product-type-simple"},"_links":{"self":[{"href":"https:\/\/reidastelhas.com.br\/loja\/wp-json\/wp\/v2\/product\/1525","targetHints":{"allow":["GET"]}}],"collection":[{"href":"https:\/\/reidastelhas.com.br\/loja\/wp-json\/wp\/v2\/product"}],"about":[{"href":"https:\/\/reidastelhas.com.br\/loja\/wp-json\/wp\/v2\/types\/product"}],"wp:featuredmedia":[{"embeddable":true,"href":"https:\/\/reidastelhas.com.br\/loja\/wp-json\/wp\/v2\/media\/1531"}],"wp:attachment":[{"href":"https:\/\/reidastelhas.com.br\/loja\/wp-json\/wp\/v2\/media?parent=1525"}],"wp:term":[{"taxonomy":"product_brand","embeddable":true,"href":"https:\/\/reidastelhas.com.br\/loja\/wp-json\/wp\/v2\/product_brand?post=1525"},{"taxonomy":"product_cat","embeddable":true,"href":"https:\/\/reidastelhas.com.br\/loja\/wp-json\/wp\/v2\/product_cat?post=1525"},{"taxonomy":"product_tag","embeddable":true,"href":"https:\/\/reidastelhas.com.br\/loja\/wp-json\/wp\/v2\/product_tag?post=1525"}],"curies":[{"name":"wp","href":"https:\/\/api.w.org\/{rel}","templated":true}]}}