{"id":1543,"date":"2025-11-17T16:19:00","date_gmt":"2025-11-17T19:19:00","guid":{"rendered":"https:\/\/reidastelhas.com.br\/loja\/?post_type=product&#038;p=1543"},"modified":"2025-11-26T15:46:51","modified_gmt":"2025-11-26T18:46:51","slug":"malaga-nacar-65-x-256","status":"publish","type":"product","link":"https:\/\/reidastelhas.com.br\/loja\/produto\/malaga-nacar-65-x-256\/","title":{"rendered":"M\u00e1laga Nacar 6,5 X 25,6"},"content":{"rendered":"<p>O M\u00e1laga N\u00e1car combina a beleza sutil do efeito nacarado com o charme artesanal inspirado no estilo espanhol. Suas nuances peroladas criam reflexos suaves e elegantes, adicionando luminosidade e profundidade ao ambiente de forma delicada e refinada.<\/p>\n","protected":false},"excerpt":{"rendered":"<p><strong>Formato:<\/strong>\u00a06,5 X 25,6<br \/>\n<strong>Linha:<\/strong> M\u00e1laga<br \/>\n<strong>Espessura:<\/strong>\u00a06 mm<br \/>\n<strong>Pe\u00e7as por Caixa:<\/strong>\u00a0123<br \/>\n<strong>M\u00b2 por Caixa:<\/strong>\u00a02,07<br \/>\n<strong>Junta de Assentamento:<\/strong>\u00a02mm &#8211; ambiente interno \/ 4mm &#8211; ambiente externo<br \/>\n<strong>Indica\u00e7\u00e3o de Uso:<\/strong>\u00a0\u00c1reas secas, \u00e1reas molhadas, \u00e1reas internas, \u00e1reas externas.<\/p>\n","protected":false},"featured_media":1549,"template":"","meta":{"_joinchat":[]},"product_brand":[],"product_cat":[23,226],"product_tag":[],"class_list":{"0":"post-1543","1":"product","2":"type-product","3":"status-publish","4":"has-post-thumbnail","6":"product_cat-revestimentos","7":"product_cat-revestimentos-revestimentos","9":"first","10":"instock","11":"shipping-taxable","12":"purchasable","13":"product-type-simple"},"_links":{"self":[{"href":"https:\/\/reidastelhas.com.br\/loja\/wp-json\/wp\/v2\/product\/1543","targetHints":{"allow":["GET"]}}],"collection":[{"href":"https:\/\/reidastelhas.com.br\/loja\/wp-json\/wp\/v2\/product"}],"about":[{"href":"https:\/\/reidastelhas.com.br\/loja\/wp-json\/wp\/v2\/types\/product"}],"wp:featuredmedia":[{"embeddable":true,"href":"https:\/\/reidastelhas.com.br\/loja\/wp-json\/wp\/v2\/media\/1549"}],"wp:attachment":[{"href":"https:\/\/reidastelhas.com.br\/loja\/wp-json\/wp\/v2\/media?parent=1543"}],"wp:term":[{"taxonomy":"product_brand","embeddable":true,"href":"https:\/\/reidastelhas.com.br\/loja\/wp-json\/wp\/v2\/product_brand?post=1543"},{"taxonomy":"product_cat","embeddable":true,"href":"https:\/\/reidastelhas.com.br\/loja\/wp-json\/wp\/v2\/product_cat?post=1543"},{"taxonomy":"product_tag","embeddable":true,"href":"https:\/\/reidastelhas.com.br\/loja\/wp-json\/wp\/v2\/product_tag?post=1543"}],"curies":[{"name":"wp","href":"https:\/\/api.w.org\/{rel}","templated":true}]}}