{"id":1713,"date":"2025-11-19T14:45:24","date_gmt":"2025-11-19T17:45:24","guid":{"rendered":"https:\/\/reidastelhas.com.br\/loja\/?post_type=product&#038;p=1713"},"modified":"2025-11-26T15:59:45","modified_gmt":"2025-11-26T18:59:45","slug":"domine-26-x-26","status":"publish","type":"product","link":"https:\/\/reidastelhas.com.br\/loja\/produto\/domine-26-x-26\/","title":{"rendered":"D\u00f4mine 26 X 26"},"content":{"rendered":"<p data-start=\"156\" data-end=\"409\">O D\u00f4mine combina modernidade e eleg\u00e2ncia com um acabamento artesanal que confere profundidade e estilo aos ambientes. Suas nuances neutras e sutis varia\u00e7\u00f5es de cor tornam-no ideal para composi\u00e7\u00f5es contempor\u00e2neas, sofisticadas e atemporais.<\/p>\n<p data-start=\"411\" data-end=\"713\">O formato permite pagina\u00e7\u00f5es vers\u00e1teis, valorizando cozinhas, banheiros, \u00e1reas gourmet e espa\u00e7os comerciais. O D\u00f4mine harmoniza facilmente com tons neutros, madeira, metais e cores mais intensas, proporcionando equil\u00edbrio e personalidade ao projeto.<\/p>\n","protected":false},"excerpt":{"rendered":"<p><strong>Formato:<\/strong>\u00a026 X 26<br \/>\n<strong>Linha:<\/strong> Dunas<br \/>\n<strong>Espessura:<\/strong>\u00a07mm<br \/>\n<strong>Pe\u00e7as por Caixa:<\/strong>\u00a023<br \/>\n<strong>M\u00b2 por Caixa:<\/strong>\u00a01,55<br \/>\n<strong>Indica\u00e7\u00e3o de Uso:<\/strong>\u00a0\u00c1reas secas, \u00e1reas molhadas, \u00e1reas internas, \u00e1reas externas.<\/p>\n","protected":false},"featured_media":1720,"template":"","meta":{"_joinchat":[]},"product_brand":[222],"product_cat":[23,226],"product_tag":[],"class_list":{"0":"post-1713","1":"product","2":"type-product","3":"status-publish","4":"has-post-thumbnail","6":"product_brand-pierini","7":"product_cat-revestimentos","8":"product_cat-revestimentos-revestimentos","10":"first","11":"instock","12":"shipping-taxable","13":"purchasable","14":"product-type-simple"},"_links":{"self":[{"href":"https:\/\/reidastelhas.com.br\/loja\/wp-json\/wp\/v2\/product\/1713","targetHints":{"allow":["GET"]}}],"collection":[{"href":"https:\/\/reidastelhas.com.br\/loja\/wp-json\/wp\/v2\/product"}],"about":[{"href":"https:\/\/reidastelhas.com.br\/loja\/wp-json\/wp\/v2\/types\/product"}],"wp:featuredmedia":[{"embeddable":true,"href":"https:\/\/reidastelhas.com.br\/loja\/wp-json\/wp\/v2\/media\/1720"}],"wp:attachment":[{"href":"https:\/\/reidastelhas.com.br\/loja\/wp-json\/wp\/v2\/media?parent=1713"}],"wp:term":[{"taxonomy":"product_brand","embeddable":true,"href":"https:\/\/reidastelhas.com.br\/loja\/wp-json\/wp\/v2\/product_brand?post=1713"},{"taxonomy":"product_cat","embeddable":true,"href":"https:\/\/reidastelhas.com.br\/loja\/wp-json\/wp\/v2\/product_cat?post=1713"},{"taxonomy":"product_tag","embeddable":true,"href":"https:\/\/reidastelhas.com.br\/loja\/wp-json\/wp\/v2\/product_tag?post=1713"}],"curies":[{"name":"wp","href":"https:\/\/api.w.org\/{rel}","templated":true}]}}