{"id":1747,"date":"2025-11-24T17:27:48","date_gmt":"2025-11-24T20:27:48","guid":{"rendered":"https:\/\/reidastelhas.com.br\/loja\/?post_type=product&#038;p=1747"},"modified":"2025-11-25T08:58:03","modified_gmt":"2025-11-25T11:58:03","slug":"curraqueira-tijolinho-premium-marfim","status":"publish","type":"product","link":"https:\/\/reidastelhas.com.br\/loja\/produto\/curraqueira-tijolinho-premium-marfim\/","title":{"rendered":"CURRAQUEIRA TIJOLINHO PREMIUM MARFIM"},"content":{"rendered":"<p data-start=\"304\" data-end=\"621\">A Churrasqueira Tijolinho Premium Marfim\u00a0une eleg\u00e2ncia, resist\u00eancia e \u00f3timo desempenho para transformar qualquer ambiente em um verdadeiro espa\u00e7o gourmet. Com acabamento estilo tijolinho na tonalidade marfim, ela traz charme, sofistica\u00e7\u00e3o e um visual contempor\u00e2neo que combina com qualquer decora\u00e7\u00e3o.<\/p>\n<p data-start=\"623\" data-end=\"1003\">Projetada com materiais de alta durabilidade e estrutura refor\u00e7ada, a vers\u00e3o Premium garante aquecimento uniforme, excelente combust\u00e3o e facilidade no manuseio. Ideal para quem busca beleza e efici\u00eancia em um \u00fanico produto, a Churrasqueira Tijolinho Premium Marfim oferece uma experi\u00eancia de churrasco superior, seja para encontros familiares ou momentos especiais com amigos.<\/p>\n<p>A Churrasqueira Fortecol \u00e9 um produto inovador e com conceito de otimiza\u00e7\u00e3o na montagem, possuindo menor n\u00famero de pe\u00e7as por unidade. Nossos produtos s\u00e3o produzidos com a mais alta tecnologia em concreto. Utilizamos o concreto CAD (concreto de alto desempenho), proporcionando alta resist\u00eancia e acabamento das pe\u00e7as.<\/p>\n","protected":false},"excerpt":{"rendered":"<p><strong>Profundidade: 55 cm<\/strong><br \/>\n<strong>Altura total: 2,30 m<\/strong><\/p>\n","protected":false},"featured_media":1748,"template":"","meta":{"_joinchat":[]},"product_brand":[223],"product_cat":[25,26],"product_tag":[],"class_list":{"0":"post-1747","1":"product","2":"type-product","3":"status-publish","4":"has-post-thumbnail","6":"product_brand-fortecol","7":"product_cat-churrasqueiras","8":"product_cat-churrasqueiras-pre-moldadas","10":"first","11":"instock","12":"shipping-taxable","13":"purchasable","14":"product-type-variable"},"_links":{"self":[{"href":"https:\/\/reidastelhas.com.br\/loja\/wp-json\/wp\/v2\/product\/1747","targetHints":{"allow":["GET"]}}],"collection":[{"href":"https:\/\/reidastelhas.com.br\/loja\/wp-json\/wp\/v2\/product"}],"about":[{"href":"https:\/\/reidastelhas.com.br\/loja\/wp-json\/wp\/v2\/types\/product"}],"wp:featuredmedia":[{"embeddable":true,"href":"https:\/\/reidastelhas.com.br\/loja\/wp-json\/wp\/v2\/media\/1748"}],"wp:attachment":[{"href":"https:\/\/reidastelhas.com.br\/loja\/wp-json\/wp\/v2\/media?parent=1747"}],"wp:term":[{"taxonomy":"product_brand","embeddable":true,"href":"https:\/\/reidastelhas.com.br\/loja\/wp-json\/wp\/v2\/product_brand?post=1747"},{"taxonomy":"product_cat","embeddable":true,"href":"https:\/\/reidastelhas.com.br\/loja\/wp-json\/wp\/v2\/product_cat?post=1747"},{"taxonomy":"product_tag","embeddable":true,"href":"https:\/\/reidastelhas.com.br\/loja\/wp-json\/wp\/v2\/product_tag?post=1747"}],"curies":[{"name":"wp","href":"https:\/\/api.w.org\/{rel}","templated":true}]}}