{"id":1759,"date":"2025-11-24T17:37:29","date_gmt":"2025-11-24T20:37:29","guid":{"rendered":"https:\/\/reidastelhas.com.br\/loja\/?post_type=product&#038;p=1759"},"modified":"2025-11-25T08:58:26","modified_gmt":"2025-11-25T11:58:26","slug":"churrasqueira-tijolinho-premium-vermelha","status":"publish","type":"product","link":"https:\/\/reidastelhas.com.br\/loja\/produto\/churrasqueira-tijolinho-premium-vermelha\/","title":{"rendered":"CHURRASQUEIRA TIJOLINHO PREMIUM VERMELHA"},"content":{"rendered":"<p data-start=\"291\" data-end=\"634\">A Churrasqueira Tijolinho Premium Vermelha \u00e9 a escolha ideal para quem busca unir estilo, durabilidade e desempenho superior no preparo do churrasco. Seu acabamento em tijolinho vermelho, com apar\u00eancia moderna e sofisticada, transforma qualquer espa\u00e7o gourmet ou \u00e1rea externa em um ambiente acolhedor e cheio de personalidade.<\/p>\n<p data-start=\"636\" data-end=\"953\">Constru\u00edda com materiais de alta resist\u00eancia e estrutura refor\u00e7ada, a linha Premium entrega aquecimento uniforme, excelente combust\u00e3o e praticidade no uso di\u00e1rio. Com design robusto e acabamento detalhado, a Churrasqueira Tijolinho Premium Vermelha garante assados perfeitos, sabor incompar\u00e1vel e longa vida \u00fatil.<\/p>\n<p>A Churrasqueira Fortecol \u00e9 um produto inovador e com conceito de otimiza\u00e7\u00e3o na montagem, possuindo menor n\u00famero de pe\u00e7as por unidade. Nossos produtos s\u00e3o produzidos com a mais alta tecnologia em concreto. Utilizamos o concreto CAD (concreto de alto desempenho), proporcionando alta resist\u00eancia e acabamento das pe\u00e7as.<\/p>\n","protected":false},"excerpt":{"rendered":"<p><strong>Profundidade: 55 cm<\/strong><br \/>\n<strong>Altura total: 2,30 m<\/strong><\/p>\n","protected":false},"featured_media":1761,"template":"","meta":{"_joinchat":[]},"product_brand":[223],"product_cat":[26],"product_tag":[],"class_list":{"0":"post-1759","1":"product","2":"type-product","3":"status-publish","4":"has-post-thumbnail","6":"product_brand-fortecol","7":"product_cat-churrasqueiras-pre-moldadas","9":"first","10":"instock","11":"shipping-taxable","12":"purchasable","13":"product-type-variable"},"_links":{"self":[{"href":"https:\/\/reidastelhas.com.br\/loja\/wp-json\/wp\/v2\/product\/1759","targetHints":{"allow":["GET"]}}],"collection":[{"href":"https:\/\/reidastelhas.com.br\/loja\/wp-json\/wp\/v2\/product"}],"about":[{"href":"https:\/\/reidastelhas.com.br\/loja\/wp-json\/wp\/v2\/types\/product"}],"wp:featuredmedia":[{"embeddable":true,"href":"https:\/\/reidastelhas.com.br\/loja\/wp-json\/wp\/v2\/media\/1761"}],"wp:attachment":[{"href":"https:\/\/reidastelhas.com.br\/loja\/wp-json\/wp\/v2\/media?parent=1759"}],"wp:term":[{"taxonomy":"product_brand","embeddable":true,"href":"https:\/\/reidastelhas.com.br\/loja\/wp-json\/wp\/v2\/product_brand?post=1759"},{"taxonomy":"product_cat","embeddable":true,"href":"https:\/\/reidastelhas.com.br\/loja\/wp-json\/wp\/v2\/product_cat?post=1759"},{"taxonomy":"product_tag","embeddable":true,"href":"https:\/\/reidastelhas.com.br\/loja\/wp-json\/wp\/v2\/product_tag?post=1759"}],"curies":[{"name":"wp","href":"https:\/\/api.w.org\/{rel}","templated":true}]}}