{"id":1773,"date":"2025-11-24T17:44:32","date_gmt":"2025-11-24T20:44:32","guid":{"rendered":"https:\/\/reidastelhas.com.br\/loja\/?post_type=product&#038;p=1773"},"modified":"2025-11-25T08:59:19","modified_gmt":"2025-11-25T11:59:19","slug":"churrasqueira-tijolinho-premium-black","status":"publish","type":"product","link":"https:\/\/reidastelhas.com.br\/loja\/produto\/churrasqueira-tijolinho-premium-black\/","title":{"rendered":"CHURRASQUEIRA TIJOLINHO PREMIUM BLACK"},"content":{"rendered":"<p data-start=\"237\" data-end=\"517\">A Churrasqueira Tijolinho Premium Black\u00a0entrega eleg\u00e2ncia, desempenho e robustez em um \u00fanico produto. Com acabamento em tijolinho na cor preta, ela traz um visual moderno, sofisticado e vers\u00e1til, ideal para compor qualquer \u00e1rea gourmet com estilo e personalidade.<\/p>\n<p data-start=\"519\" data-end=\"795\">Fabricada com materiais de alta resist\u00eancia e estrutura refor\u00e7ada, a linha Premium proporciona aquecimento uniforme, excelente combust\u00e3o e praticidade no dia a dia. Seu design robusto garante maior durabilidade, enquanto o acabamento Black d\u00e1 um toque premium ao ambiente.<\/p>\n<p data-start=\"797\" data-end=\"974\">Perfeita para quem busca beleza, funcionalidade e qualidade superior, a Churrasqueira Tijolinho Premium Black ForteCol transforma cada churrasco em uma experi\u00eancia diferenciada.<\/p>\n<p>A Churrasqueira Fortecol \u00e9 um produto inovador e com conceito de otimiza\u00e7\u00e3o na montagem, possuindo menor n\u00famero de pe\u00e7as por unidade. Nossos produtos s\u00e3o produzidos com a mais alta tecnologia em concreto. Utilizamos o concreto CAD (concreto de alto desempenho), proporcionando alta resist\u00eancia e acabamento das pe\u00e7as.<\/p>\n","protected":false},"excerpt":{"rendered":"<p><strong>Profundidade: 55 cm<\/strong><br \/>\n<strong>Altura total: 2,30 m<\/strong><\/p>\n","protected":false},"featured_media":1774,"template":"","meta":{"_joinchat":[]},"product_brand":[223],"product_cat":[25,26],"product_tag":[],"class_list":{"0":"post-1773","1":"product","2":"type-product","3":"status-publish","4":"has-post-thumbnail","6":"product_brand-fortecol","7":"product_cat-churrasqueiras","8":"product_cat-churrasqueiras-pre-moldadas","10":"first","11":"instock","12":"shipping-taxable","13":"purchasable","14":"product-type-variable"},"_links":{"self":[{"href":"https:\/\/reidastelhas.com.br\/loja\/wp-json\/wp\/v2\/product\/1773","targetHints":{"allow":["GET"]}}],"collection":[{"href":"https:\/\/reidastelhas.com.br\/loja\/wp-json\/wp\/v2\/product"}],"about":[{"href":"https:\/\/reidastelhas.com.br\/loja\/wp-json\/wp\/v2\/types\/product"}],"wp:featuredmedia":[{"embeddable":true,"href":"https:\/\/reidastelhas.com.br\/loja\/wp-json\/wp\/v2\/media\/1774"}],"wp:attachment":[{"href":"https:\/\/reidastelhas.com.br\/loja\/wp-json\/wp\/v2\/media?parent=1773"}],"wp:term":[{"taxonomy":"product_brand","embeddable":true,"href":"https:\/\/reidastelhas.com.br\/loja\/wp-json\/wp\/v2\/product_brand?post=1773"},{"taxonomy":"product_cat","embeddable":true,"href":"https:\/\/reidastelhas.com.br\/loja\/wp-json\/wp\/v2\/product_cat?post=1773"},{"taxonomy":"product_tag","embeddable":true,"href":"https:\/\/reidastelhas.com.br\/loja\/wp-json\/wp\/v2\/product_tag?post=1773"}],"curies":[{"name":"wp","href":"https:\/\/api.w.org\/{rel}","templated":true}]}}