{"id":1800,"date":"2025-11-25T08:47:27","date_gmt":"2025-11-25T11:47:27","guid":{"rendered":"https:\/\/reidastelhas.com.br\/loja\/?post_type=product&#038;p=1800"},"modified":"2025-11-25T09:01:11","modified_gmt":"2025-11-25T12:01:11","slug":"churrasqueira-tijolinho-premium-cinza-mesclada","status":"publish","type":"product","link":"https:\/\/reidastelhas.com.br\/loja\/produto\/churrasqueira-tijolinho-premium-cinza-mesclada\/","title":{"rendered":"CHURRASQUEIRA TIJOLINHO PREMIUM CINZA MESCLADA"},"content":{"rendered":"<p data-start=\"304\" data-end=\"610\">A Churrasqueira Tijolinho Premium Cinza Mesclada oferece o equil\u00edbrio perfeito entre design sofisticado e desempenho superior. Seu revestimento em tijolinho cinza mesclado proporciona um visual moderno e elegante, ideal para compor \u00e1reas gourmet, varandas e espa\u00e7os de lazer com estilo e personalidade.<\/p>\n<p data-start=\"612\" data-end=\"911\">Projetada com materiais de alta qualidade, a estrutura garante excelente resist\u00eancia ao calor, durabilidade e estabilidade. O formato otimizado da caixa de combust\u00e3o favorece a circula\u00e7\u00e3o do ar, proporcionando uma queima eficiente e assados uniformes, sempre com aquele sabor aut\u00eantico de churrasco.<\/p>\n<p>A Churrasqueira Fortecol \u00e9 um produto inovador e com conceito de otimiza\u00e7\u00e3o na montagem, possuindo menor n\u00famero de pe\u00e7as por unidade. Nossos produtos s\u00e3o produzidos com a mais alta tecnologia em concreto. Utilizamos o concreto CAD (concreto de alto desempenho), proporcionando alta resist\u00eancia e acabamento das pe\u00e7as.<\/p>\n","protected":false},"excerpt":{"rendered":"<p><strong>Profundidade: 55 cm<\/strong><br \/>\n<strong>Altura total: 2,30 m<\/strong><\/p>\n","protected":false},"featured_media":1801,"template":"","meta":{"_joinchat":[]},"product_brand":[223],"product_cat":[25,26],"product_tag":[],"class_list":{"0":"post-1800","1":"product","2":"type-product","3":"status-publish","4":"has-post-thumbnail","6":"product_brand-fortecol","7":"product_cat-churrasqueiras","8":"product_cat-churrasqueiras-pre-moldadas","10":"first","11":"instock","12":"shipping-taxable","13":"purchasable","14":"product-type-variable"},"_links":{"self":[{"href":"https:\/\/reidastelhas.com.br\/loja\/wp-json\/wp\/v2\/product\/1800","targetHints":{"allow":["GET"]}}],"collection":[{"href":"https:\/\/reidastelhas.com.br\/loja\/wp-json\/wp\/v2\/product"}],"about":[{"href":"https:\/\/reidastelhas.com.br\/loja\/wp-json\/wp\/v2\/types\/product"}],"wp:featuredmedia":[{"embeddable":true,"href":"https:\/\/reidastelhas.com.br\/loja\/wp-json\/wp\/v2\/media\/1801"}],"wp:attachment":[{"href":"https:\/\/reidastelhas.com.br\/loja\/wp-json\/wp\/v2\/media?parent=1800"}],"wp:term":[{"taxonomy":"product_brand","embeddable":true,"href":"https:\/\/reidastelhas.com.br\/loja\/wp-json\/wp\/v2\/product_brand?post=1800"},{"taxonomy":"product_cat","embeddable":true,"href":"https:\/\/reidastelhas.com.br\/loja\/wp-json\/wp\/v2\/product_cat?post=1800"},{"taxonomy":"product_tag","embeddable":true,"href":"https:\/\/reidastelhas.com.br\/loja\/wp-json\/wp\/v2\/product_tag?post=1800"}],"curies":[{"name":"wp","href":"https:\/\/api.w.org\/{rel}","templated":true}]}}