{"id":1829,"date":"2025-11-25T11:07:21","date_gmt":"2025-11-25T14:07:21","guid":{"rendered":"https:\/\/reidastelhas.com.br\/loja\/?post_type=product&#038;p=1829"},"modified":"2025-11-25T11:15:30","modified_gmt":"2025-11-25T14:15:30","slug":"churrasqueira-natural","status":"publish","type":"product","link":"https:\/\/reidastelhas.com.br\/loja\/produto\/churrasqueira-natural\/","title":{"rendered":"CHURRASQUEIRA NATURAL"},"content":{"rendered":"<p>Churrasqueira Pr\u00e9 Moldada Natural, qualidade garantida.<\/p>\n<p>O produto \u00e9 pr\u00e9-acabado, sendo necess\u00e1rio seguir alguns procedimentos de acabamento, para evitar a perda da sua garantia:<br \/>\nAntes de realizar a montagem verifique a CORRENTE DE VENTO, podendo ela atrapalhar a suc\u00e7\u00e3o da fuma\u00e7a.<br \/>\nCaso n\u00e3o seja poss\u00edvel mudar o local da instala\u00e7\u00e3o do pr\u00e9-moldado oferecemos nossa linha de exaustores el\u00e9tricos para venda.<\/p>\n<ol>\n<li>A instala\u00e7\u00e3o DEVER\u00c1 ser em local coberto, ao contr\u00e1rio haver\u00e1 perda imediata da garantia<\/li>\n<li>Encaixe as partes e nivele todas as pe\u00e7as com argamassa<\/li>\n<li>Antes do uso ser\u00e1 necess\u00e1rio que o produto em quest\u00e3o seja revestido.<\/li>\n<li>A churrasqueira \u00e9 projetada para receber diversos tipos de acabamentos, como cer\u00e2micas, pastilhas, pedras, grafiato, texturas e pinturas em geral.<\/li>\n<li>Se faz necess\u00e1rio ap\u00f3s a montagem com acabamento, aguardar o prazo de 10 dias para a total secagem da argamassa.<\/li>\n<li>Nunca utilize \u00e1gua na limpeza sob o risco de causar danos.<\/li>\n<\/ol>\n","protected":false},"excerpt":{"rendered":"<p><strong>Churrasqueira j\u00e1 vai com as plaquetas refratarias! .<\/strong><br \/>\n<strong>Acompanha grelha moeda inox.<\/strong><br \/>\n<strong>Acompanha Porta-espetos em Inox.<\/strong><br \/>\n<strong>Acabamento frontais e laterais todos em a\u00e7o inox<\/strong><\/p>\n","protected":false},"featured_media":1832,"template":"","meta":{"_joinchat":[]},"product_brand":[224],"product_cat":[25,26],"product_tag":[],"class_list":{"0":"post-1829","1":"product","2":"type-product","3":"status-publish","4":"has-post-thumbnail","6":"product_brand-laurindos","7":"product_cat-churrasqueiras","8":"product_cat-churrasqueiras-pre-moldadas","10":"first","11":"instock","12":"shipping-taxable","13":"purchasable","14":"product-type-variable"},"_links":{"self":[{"href":"https:\/\/reidastelhas.com.br\/loja\/wp-json\/wp\/v2\/product\/1829","targetHints":{"allow":["GET"]}}],"collection":[{"href":"https:\/\/reidastelhas.com.br\/loja\/wp-json\/wp\/v2\/product"}],"about":[{"href":"https:\/\/reidastelhas.com.br\/loja\/wp-json\/wp\/v2\/types\/product"}],"wp:featuredmedia":[{"embeddable":true,"href":"https:\/\/reidastelhas.com.br\/loja\/wp-json\/wp\/v2\/media\/1832"}],"wp:attachment":[{"href":"https:\/\/reidastelhas.com.br\/loja\/wp-json\/wp\/v2\/media?parent=1829"}],"wp:term":[{"taxonomy":"product_brand","embeddable":true,"href":"https:\/\/reidastelhas.com.br\/loja\/wp-json\/wp\/v2\/product_brand?post=1829"},{"taxonomy":"product_cat","embeddable":true,"href":"https:\/\/reidastelhas.com.br\/loja\/wp-json\/wp\/v2\/product_cat?post=1829"},{"taxonomy":"product_tag","embeddable":true,"href":"https:\/\/reidastelhas.com.br\/loja\/wp-json\/wp\/v2\/product_tag?post=1829"}],"curies":[{"name":"wp","href":"https:\/\/api.w.org\/{rel}","templated":true}]}}