{"id":1856,"date":"2025-11-25T14:01:41","date_gmt":"2025-11-25T17:01:41","guid":{"rendered":"https:\/\/reidastelhas.com.br\/loja\/?post_type=product&#038;p=1856"},"modified":"2025-11-25T14:01:41","modified_gmt":"2025-11-25T17:01:41","slug":"churrasqueira-natural-pop-economica","status":"publish","type":"product","link":"https:\/\/reidastelhas.com.br\/loja\/produto\/churrasqueira-natural-pop-economica\/","title":{"rendered":"CHURRASQUEIRA NATURAL POP &#8211; econ\u00f4mica"},"content":{"rendered":"<p data-start=\"310\" data-end=\"679\">A Churrasqueira Natural Pop, foi desenvolvida para quem busca praticidade, funcionalidade e excelente custo-benef\u00edcio sem abrir m\u00e3o da qualidade. Com design compacto e eficiente, ela oferece um desempenho surpreendente no preparo de carnes, legumes e defumados, mantendo o sabor aut\u00eantico do churrasco feito na brasa.<\/p>\n<p data-start=\"681\" data-end=\"980\">Fabricada com materiais resistentes e estrutura refor\u00e7ada, a Natural Pop garante boa durabilidade e estabilidade t\u00e9rmica, permitindo acendimento r\u00e1pido e uso seguro. Seu formato pr\u00e1tico otimiza a queima do carv\u00e3o, proporcionando economia, distribui\u00e7\u00e3o uniforme do calor e um churrasco mais saboroso.<\/p>\n<p data-start=\"982\" data-end=\"1168\">Ideal para \u00e1reas pequenas, varandas, quintais e para quem aprecia um produto simples, funcional e confi\u00e1vel sendo a op\u00e7\u00e3o perfeita para o dia a dia.<\/p>\n","protected":false},"excerpt":{"rendered":"<p><strong>Churrasqueira j\u00e1 vai com as plaquetas refratarias! N\u00e3o tenha trabalho e gastos depois para contratar pedreiro e ter que comprar as plaquetas refratarias.<\/strong><br \/>\n<strong>Acompanha grelha moeda inox.<\/strong><br \/>\n<strong>Churrasqueira feita em concreto armado<\/strong><br \/>\n<strong>Acabamento frontais e laterais todos em a\u00e7o inox.<\/strong><\/p>\n","protected":false},"featured_media":1857,"template":"","meta":{"_joinchat":[]},"product_brand":[224],"product_cat":[25,26],"product_tag":[],"class_list":{"0":"post-1856","1":"product","2":"type-product","3":"status-publish","4":"has-post-thumbnail","6":"product_brand-laurindos","7":"product_cat-churrasqueiras","8":"product_cat-churrasqueiras-pre-moldadas","10":"first","11":"instock","12":"shipping-taxable","13":"purchasable","14":"product-type-variable"},"_links":{"self":[{"href":"https:\/\/reidastelhas.com.br\/loja\/wp-json\/wp\/v2\/product\/1856","targetHints":{"allow":["GET"]}}],"collection":[{"href":"https:\/\/reidastelhas.com.br\/loja\/wp-json\/wp\/v2\/product"}],"about":[{"href":"https:\/\/reidastelhas.com.br\/loja\/wp-json\/wp\/v2\/types\/product"}],"wp:featuredmedia":[{"embeddable":true,"href":"https:\/\/reidastelhas.com.br\/loja\/wp-json\/wp\/v2\/media\/1857"}],"wp:attachment":[{"href":"https:\/\/reidastelhas.com.br\/loja\/wp-json\/wp\/v2\/media?parent=1856"}],"wp:term":[{"taxonomy":"product_brand","embeddable":true,"href":"https:\/\/reidastelhas.com.br\/loja\/wp-json\/wp\/v2\/product_brand?post=1856"},{"taxonomy":"product_cat","embeddable":true,"href":"https:\/\/reidastelhas.com.br\/loja\/wp-json\/wp\/v2\/product_cat?post=1856"},{"taxonomy":"product_tag","embeddable":true,"href":"https:\/\/reidastelhas.com.br\/loja\/wp-json\/wp\/v2\/product_tag?post=1856"}],"curies":[{"name":"wp","href":"https:\/\/api.w.org\/{rel}","templated":true}]}}