{"id":1876,"date":"2025-11-25T15:15:57","date_gmt":"2025-11-25T18:15:57","guid":{"rendered":"https:\/\/reidastelhas.com.br\/loja\/?post_type=product&#038;p=1876"},"modified":"2025-11-25T15:15:57","modified_gmt":"2025-11-25T18:15:57","slug":"churrasqueira-giratoria-5-espetos-portatil-com-refratario-inox","status":"publish","type":"product","link":"https:\/\/reidastelhas.com.br\/loja\/produto\/churrasqueira-giratoria-5-espetos-portatil-com-refratario-inox\/","title":{"rendered":"CHURRASQUEIRA GIRATORIA 5 ESPETOS PORTATIL COM REFRATARIO INOX"},"content":{"rendered":"<p data-start=\"236\" data-end=\"549\">Churrasqueira Girat\u00f3ria Port\u00e1til com 5 Espetos e Refrat\u00e1rio Inox foi desenvolvida para quem busca praticidade, efici\u00eancia e assados perfeitos em qualquer ambiente. Fabricada em a\u00e7o inox de alta qualidade, ela oferece resist\u00eancia superior, f\u00e1cil limpeza e longa durabilidade, mesmo com uso constante.<\/p>\n<p data-start=\"551\" data-end=\"822\">Com 5 espetos girat\u00f3rios, a churrasqueira garante um assado uniforme e muito mais suculento, permitindo preparar diferentes tipos de carnes ao mesmo tempo. O refrat\u00e1rio interno otimiza a reten\u00e7\u00e3o de calor, reduz o consumo de carv\u00e3o e acelera o processo de coc\u00e7\u00e3o.<\/p>\n<p data-start=\"824\" data-end=\"967\">Port\u00e1til e compacta, \u00e9 ideal para \u00e1reas gourmet, varandas, camping ou pequenos espa\u00e7os, entregando alto desempenho sem abrir m\u00e3o da mobilidade.<\/p>\n<ul>\n<li>\u00a0Material: A\u00e7o inox resistente<\/li>\n<li>5 espetos girat\u00f3rios para assado uniforme<\/li>\n<li>Refrat\u00e1rio interno para melhor distribui\u00e7\u00e3o de calor<\/li>\n<li>Port\u00e1til, leve e f\u00e1cil de transportar<\/li>\n<li>Consumo reduzido de carv\u00e3o<\/li>\n<li>F\u00e1cil higieniza\u00e7\u00e3o e design moderno<\/li>\n<li>Ideal para fam\u00edlias, viagens e uso di\u00e1rio<\/li>\n<\/ul>\n","protected":false},"excerpt":{"rendered":"<p><strong>Medidas da Churrasqueira:<\/strong><br \/>\n<strong>Altura: 80cm<\/strong><br \/>\n<strong>Largura: 60cm<\/strong><br \/>\n<strong>Profundidade: 45cm<\/strong><br \/>\n<strong>Altura da \u00c1rea Interna: 28cm<\/strong><br \/>\n<strong>Espetos Tridente: 65cm Comprimento Total<\/strong><\/p>\n<p><strong>Medidas do Motor:<\/strong><br \/>\n<strong>Altura: 11cm<\/strong><br \/>\n<strong>Largura: 11,3cm<\/strong><br \/>\n<strong>Profundidade: 17,5cm<\/strong><br \/>\n<strong>Voltagem do motor 220V\/110V com chave seletora<\/strong><\/p>\n","protected":false},"featured_media":1881,"template":"","meta":{"_joinchat":[]},"product_brand":[224],"product_cat":[25,27],"product_tag":[],"class_list":{"0":"post-1876","1":"product","2":"type-product","3":"status-publish","4":"has-post-thumbnail","6":"product_brand-laurindos","7":"product_cat-churrasqueiras","8":"product_cat-churrasqueiras-inox","10":"first","11":"instock","12":"shipping-taxable","13":"purchasable","14":"product-type-simple"},"_links":{"self":[{"href":"https:\/\/reidastelhas.com.br\/loja\/wp-json\/wp\/v2\/product\/1876","targetHints":{"allow":["GET"]}}],"collection":[{"href":"https:\/\/reidastelhas.com.br\/loja\/wp-json\/wp\/v2\/product"}],"about":[{"href":"https:\/\/reidastelhas.com.br\/loja\/wp-json\/wp\/v2\/types\/product"}],"wp:featuredmedia":[{"embeddable":true,"href":"https:\/\/reidastelhas.com.br\/loja\/wp-json\/wp\/v2\/media\/1881"}],"wp:attachment":[{"href":"https:\/\/reidastelhas.com.br\/loja\/wp-json\/wp\/v2\/media?parent=1876"}],"wp:term":[{"taxonomy":"product_brand","embeddable":true,"href":"https:\/\/reidastelhas.com.br\/loja\/wp-json\/wp\/v2\/product_brand?post=1876"},{"taxonomy":"product_cat","embeddable":true,"href":"https:\/\/reidastelhas.com.br\/loja\/wp-json\/wp\/v2\/product_cat?post=1876"},{"taxonomy":"product_tag","embeddable":true,"href":"https:\/\/reidastelhas.com.br\/loja\/wp-json\/wp\/v2\/product_tag?post=1876"}],"curies":[{"name":"wp","href":"https:\/\/api.w.org\/{rel}","templated":true}]}}