{"id":1883,"date":"2025-11-25T15:43:55","date_gmt":"2025-11-25T18:43:55","guid":{"rendered":"https:\/\/reidastelhas.com.br\/loja\/?post_type=product&#038;p=1883"},"modified":"2025-11-25T16:53:16","modified_gmt":"2025-11-25T19:53:16","slug":"cuba-de-fibra-branca","status":"publish","type":"product","link":"https:\/\/reidastelhas.com.br\/loja\/produto\/cuba-de-fibra-branca\/","title":{"rendered":"CUBA BRANCA"},"content":{"rendered":"<p>Produto em m\u00e1rmore sint\u00e9tico com espessuras refor\u00e7adas, com cobertura granitada de gel coat com brilho e resist\u00eancia incompar\u00e1veis.<br \/>\nSuperf\u00edcies mais lisas sem porosidade proporcionando maior higiene e f\u00e1cil limpeza. Pias com protetor de parede e caneletas altas, evitando o derramamento acidental de \u00e1gua.<\/p>\n","protected":false},"excerpt":{"rendered":"<p><strong>Pia em m\u00e1rmore sint\u00e9tico;<\/strong><br \/>\n<strong>Cobertura granitada de gel coat;<\/strong><br \/>\n<strong>Espessura refor\u00e7ada;<\/strong><br \/>\n<strong>V\u00e1lvula americana;<\/strong><br \/>\n<strong>Espelho alto.<\/strong><\/p>\n","protected":false},"featured_media":1884,"template":"","meta":{"_joinchat":[]},"product_brand":[225],"product_cat":[33],"product_tag":[],"class_list":{"0":"post-1883","1":"product","2":"type-product","3":"status-publish","4":"has-post-thumbnail","6":"product_brand-a-j-rorato","7":"product_cat-cubas","9":"first","10":"instock","11":"shipping-taxable","12":"purchasable","13":"product-type-variable"},"_links":{"self":[{"href":"https:\/\/reidastelhas.com.br\/loja\/wp-json\/wp\/v2\/product\/1883","targetHints":{"allow":["GET"]}}],"collection":[{"href":"https:\/\/reidastelhas.com.br\/loja\/wp-json\/wp\/v2\/product"}],"about":[{"href":"https:\/\/reidastelhas.com.br\/loja\/wp-json\/wp\/v2\/types\/product"}],"wp:featuredmedia":[{"embeddable":true,"href":"https:\/\/reidastelhas.com.br\/loja\/wp-json\/wp\/v2\/media\/1884"}],"wp:attachment":[{"href":"https:\/\/reidastelhas.com.br\/loja\/wp-json\/wp\/v2\/media?parent=1883"}],"wp:term":[{"taxonomy":"product_brand","embeddable":true,"href":"https:\/\/reidastelhas.com.br\/loja\/wp-json\/wp\/v2\/product_brand?post=1883"},{"taxonomy":"product_cat","embeddable":true,"href":"https:\/\/reidastelhas.com.br\/loja\/wp-json\/wp\/v2\/product_cat?post=1883"},{"taxonomy":"product_tag","embeddable":true,"href":"https:\/\/reidastelhas.com.br\/loja\/wp-json\/wp\/v2\/product_tag?post=1883"}],"curies":[{"name":"wp","href":"https:\/\/api.w.org\/{rel}","templated":true}]}}