{"id":1892,"date":"2025-11-25T16:59:06","date_gmt":"2025-11-25T19:59:06","guid":{"rendered":"https:\/\/reidastelhas.com.br\/loja\/?post_type=product&#038;p=1892"},"modified":"2025-11-25T17:16:59","modified_gmt":"2025-11-25T20:16:59","slug":"cuba-branca-c-inox","status":"publish","type":"product","link":"https:\/\/reidastelhas.com.br\/loja\/produto\/cuba-branca-c-inox\/","title":{"rendered":"CUBA BRANCA COM INOX"},"content":{"rendered":"<p>Produto em m\u00e1rmore sint\u00e9tico com espessuras refor\u00e7adas, com cobertura granitada de gel coat com brilho e resist\u00eancia incompar\u00e1veis e cuba de a\u00e7o Inox com 14cm de profundidade.<br \/>\nSuperf\u00edcies mais lisas sem porosidade proporcionando maior higiene e f\u00e1cil limpeza. Pias com protetor de parede e caneletas altas, evitando o derramamento acidental de \u00e1gua.<\/p>\n","protected":false},"excerpt":{"rendered":"<p><strong>Pia em m\u00e1rmore sint\u00e9tico;<\/strong><br \/>\n<strong>Cobertura granitada de gel coat;<\/strong><br \/>\n<strong>Espessura refor\u00e7ada;<\/strong><br \/>\n<strong>Cuba inox;<\/strong><br \/>\n<strong>Espelho alto.<\/p>\n<p><\/strong><\/p>\n","protected":false},"featured_media":1893,"template":"","meta":{"_joinchat":[]},"product_brand":[225],"product_cat":[33],"product_tag":[],"class_list":{"0":"post-1892","1":"product","2":"type-product","3":"status-publish","4":"has-post-thumbnail","6":"product_brand-a-j-rorato","7":"product_cat-cubas","9":"first","10":"instock","11":"shipping-taxable","12":"purchasable","13":"product-type-variable"},"_links":{"self":[{"href":"https:\/\/reidastelhas.com.br\/loja\/wp-json\/wp\/v2\/product\/1892","targetHints":{"allow":["GET"]}}],"collection":[{"href":"https:\/\/reidastelhas.com.br\/loja\/wp-json\/wp\/v2\/product"}],"about":[{"href":"https:\/\/reidastelhas.com.br\/loja\/wp-json\/wp\/v2\/types\/product"}],"wp:featuredmedia":[{"embeddable":true,"href":"https:\/\/reidastelhas.com.br\/loja\/wp-json\/wp\/v2\/media\/1893"}],"wp:attachment":[{"href":"https:\/\/reidastelhas.com.br\/loja\/wp-json\/wp\/v2\/media?parent=1892"}],"wp:term":[{"taxonomy":"product_brand","embeddable":true,"href":"https:\/\/reidastelhas.com.br\/loja\/wp-json\/wp\/v2\/product_brand?post=1892"},{"taxonomy":"product_cat","embeddable":true,"href":"https:\/\/reidastelhas.com.br\/loja\/wp-json\/wp\/v2\/product_cat?post=1892"},{"taxonomy":"product_tag","embeddable":true,"href":"https:\/\/reidastelhas.com.br\/loja\/wp-json\/wp\/v2\/product_tag?post=1892"}],"curies":[{"name":"wp","href":"https:\/\/api.w.org\/{rel}","templated":true}]}}