{"id":1913,"date":"2025-11-25T17:27:02","date_gmt":"2025-11-25T20:27:02","guid":{"rendered":"https:\/\/reidastelhas.com.br\/loja\/?post_type=product&#038;p=1913"},"modified":"2025-11-25T17:27:02","modified_gmt":"2025-11-25T20:27:02","slug":"cuba-cinza-com-inox","status":"publish","type":"product","link":"https:\/\/reidastelhas.com.br\/loja\/produto\/cuba-cinza-com-inox\/","title":{"rendered":"CUBA CINZA COM INOX"},"content":{"rendered":"<p>Produto em m\u00e1rmore sint\u00e9tico com espessuras refor\u00e7adas, com cobertura granitada de gel coat com brilho e resist\u00eancia incompar\u00e1veis e cuba de a\u00e7o Inox<br \/>\nSuperf\u00edcies mais lisas sem porosidade proporcionando maior higiene e f\u00e1cil limpeza. Pias com protetor de parede e caneletas altas, evitando o derramamento acidental de \u00e1gua.<\/p>\n","protected":false},"excerpt":{"rendered":"<p>Pia em m\u00e1rmore sint\u00e9tico;<br \/>\nCobertura granitada de gel coat;<br \/>\nEspessura refor\u00e7ada;<br \/>\nCuba inox;<br \/>\nEspelho alto.<\/p>\n","protected":false},"featured_media":1914,"template":"","meta":{"_joinchat":[]},"product_brand":[225],"product_cat":[33],"product_tag":[],"class_list":{"0":"post-1913","1":"product","2":"type-product","3":"status-publish","4":"has-post-thumbnail","6":"product_brand-a-j-rorato","7":"product_cat-cubas","9":"first","10":"instock","11":"shipping-taxable","12":"purchasable","13":"product-type-variable"},"_links":{"self":[{"href":"https:\/\/reidastelhas.com.br\/loja\/wp-json\/wp\/v2\/product\/1913","targetHints":{"allow":["GET"]}}],"collection":[{"href":"https:\/\/reidastelhas.com.br\/loja\/wp-json\/wp\/v2\/product"}],"about":[{"href":"https:\/\/reidastelhas.com.br\/loja\/wp-json\/wp\/v2\/types\/product"}],"wp:featuredmedia":[{"embeddable":true,"href":"https:\/\/reidastelhas.com.br\/loja\/wp-json\/wp\/v2\/media\/1914"}],"wp:attachment":[{"href":"https:\/\/reidastelhas.com.br\/loja\/wp-json\/wp\/v2\/media?parent=1913"}],"wp:term":[{"taxonomy":"product_brand","embeddable":true,"href":"https:\/\/reidastelhas.com.br\/loja\/wp-json\/wp\/v2\/product_brand?post=1913"},{"taxonomy":"product_cat","embeddable":true,"href":"https:\/\/reidastelhas.com.br\/loja\/wp-json\/wp\/v2\/product_cat?post=1913"},{"taxonomy":"product_tag","embeddable":true,"href":"https:\/\/reidastelhas.com.br\/loja\/wp-json\/wp\/v2\/product_tag?post=1913"}],"curies":[{"name":"wp","href":"https:\/\/api.w.org\/{rel}","templated":true}]}}