{"id":1918,"date":"2025-11-26T14:26:31","date_gmt":"2025-11-26T17:26:31","guid":{"rendered":"https:\/\/reidastelhas.com.br\/loja\/?post_type=product&#038;p=1918"},"modified":"2025-11-26T14:26:32","modified_gmt":"2025-11-26T17:26:32","slug":"churrasqueira-inox-maletinha","status":"publish","type":"product","link":"https:\/\/reidastelhas.com.br\/loja\/produto\/churrasqueira-inox-maletinha\/","title":{"rendered":"CHURRASQUEIRA INOX MALETINHA"},"content":{"rendered":"<p>Churrasqueira para toda vida, sua chapa inox 430 proporciona uma incr\u00edvel firmeza e resist\u00eancia, capaz de suportar grandes mudan\u00e7as de temperatura, \u00e9 uma garantia de durabilidade para sua churrasqueira.<br \/>\nCozinhe com prazer! essa churrasqueira ser\u00e1 sua aliada para entreter a seus convidados e receber todos os aplausos, com ela voc\u00ea poder\u00e1 preparar os melhores cortes de maneira pr\u00e1tica e confort\u00e1vel.<br \/>\nF\u00e1cil de transportar, leve a com voc\u00ea para qualquer lugar!!! na sua pescaria, camping, praia etc.<\/p>\n","protected":false},"excerpt":{"rendered":"<p><strong>Largura \u00datil 40 cm<\/strong><br \/>\n<strong>Profundidade 27 cm<\/strong><br \/>\n<strong>Altura 33 cm<\/strong><br \/>\n<strong>Chapa A\u00c7O INOX &#8211; 0,6mm<\/strong><br \/>\n<strong>Acompanha grelha moeda de Inox<\/strong><br \/>\n<strong>Com al\u00e7a de Inox para f\u00e1cil e r\u00e1pido transporte<\/strong><\/p>\n","protected":false},"featured_media":1921,"template":"","meta":{"_joinchat":[]},"product_brand":[224],"product_cat":[25,27],"product_tag":[],"class_list":{"0":"post-1918","1":"product","2":"type-product","3":"status-publish","4":"has-post-thumbnail","6":"product_brand-laurindos","7":"product_cat-churrasqueiras","8":"product_cat-churrasqueiras-inox","10":"first","11":"instock","12":"shipping-taxable","13":"purchasable","14":"product-type-simple"},"_links":{"self":[{"href":"https:\/\/reidastelhas.com.br\/loja\/wp-json\/wp\/v2\/product\/1918","targetHints":{"allow":["GET"]}}],"collection":[{"href":"https:\/\/reidastelhas.com.br\/loja\/wp-json\/wp\/v2\/product"}],"about":[{"href":"https:\/\/reidastelhas.com.br\/loja\/wp-json\/wp\/v2\/types\/product"}],"wp:featuredmedia":[{"embeddable":true,"href":"https:\/\/reidastelhas.com.br\/loja\/wp-json\/wp\/v2\/media\/1921"}],"wp:attachment":[{"href":"https:\/\/reidastelhas.com.br\/loja\/wp-json\/wp\/v2\/media?parent=1918"}],"wp:term":[{"taxonomy":"product_brand","embeddable":true,"href":"https:\/\/reidastelhas.com.br\/loja\/wp-json\/wp\/v2\/product_brand?post=1918"},{"taxonomy":"product_cat","embeddable":true,"href":"https:\/\/reidastelhas.com.br\/loja\/wp-json\/wp\/v2\/product_cat?post=1918"},{"taxonomy":"product_tag","embeddable":true,"href":"https:\/\/reidastelhas.com.br\/loja\/wp-json\/wp\/v2\/product_tag?post=1918"}],"curies":[{"name":"wp","href":"https:\/\/api.w.org\/{rel}","templated":true}]}}