{"id":1923,"date":"2025-11-26T14:32:43","date_gmt":"2025-11-26T17:32:43","guid":{"rendered":"https:\/\/reidastelhas.com.br\/loja\/?post_type=product&#038;p=1923"},"modified":"2025-11-26T14:32:43","modified_gmt":"2025-11-26T17:32:43","slug":"churrasqueira-em-inox-a-bafo-de-mesa","status":"publish","type":"product","link":"https:\/\/reidastelhas.com.br\/loja\/produto\/churrasqueira-em-inox-a-bafo-de-mesa\/","title":{"rendered":"CHURRASQUEIRA EM INOX A BAFO DE MESA"},"content":{"rendered":"<p>Esta Churrasqueira \u00e9 feita de a\u00e7o inox 430.<br \/>\nAcompanha Grelha Moeda de Inox.<br \/>\nExcelente presente para seu Pai, Marido, Namorado, Amigo Secreto etc.<br \/>\nRecomendamos efetuar uma queima de carv\u00e3o para a churrasqueira se adequar a emperatura.<br \/>\nChurrasqueira com tampa, obtenha o melhor sabor da carne e impressione seus amigos e familiares.<\/p>\n<p>Benef\u00edcios<\/p>\n<ul>\n<li>Super compacta, ideal para viagens, pesca, praia, camping, futebol, piscina etc.<\/li>\n<li>Mant\u00e9m a Temperatura, diferente de outros modelos aberta que dispersa o calor<\/li>\n<li>Redu\u00e7\u00e3o de Carv\u00e3o, por ser compacta e poder utilizar fechada;<\/li>\n<li>Guarde facilmente em qualquer lugar da sua casa ou apartamento<\/li>\n<li>Limpeza super-r\u00e1pida<\/li>\n<li>Ideal para quem tem um apartamento pequeno<\/li>\n<\/ul>\n","protected":false},"excerpt":{"rendered":"<p><strong>Dimens\u00f5es da Churrasqueira:<\/strong><br \/>\n<strong>Largura cabo a cabo 55 cm<\/strong><br \/>\n<strong>Profundidade 26,5 cm<\/strong><br \/>\n<strong>Altura 27,5 cm<\/strong><\/p>\n","protected":false},"featured_media":1926,"template":"","meta":{"_joinchat":[]},"product_brand":[],"product_cat":[25,27],"product_tag":[],"class_list":{"0":"post-1923","1":"product","2":"type-product","3":"status-publish","4":"has-post-thumbnail","6":"product_cat-churrasqueiras","7":"product_cat-churrasqueiras-inox","9":"first","10":"instock","11":"shipping-taxable","12":"purchasable","13":"product-type-simple"},"_links":{"self":[{"href":"https:\/\/reidastelhas.com.br\/loja\/wp-json\/wp\/v2\/product\/1923","targetHints":{"allow":["GET"]}}],"collection":[{"href":"https:\/\/reidastelhas.com.br\/loja\/wp-json\/wp\/v2\/product"}],"about":[{"href":"https:\/\/reidastelhas.com.br\/loja\/wp-json\/wp\/v2\/types\/product"}],"wp:featuredmedia":[{"embeddable":true,"href":"https:\/\/reidastelhas.com.br\/loja\/wp-json\/wp\/v2\/media\/1926"}],"wp:attachment":[{"href":"https:\/\/reidastelhas.com.br\/loja\/wp-json\/wp\/v2\/media?parent=1923"}],"wp:term":[{"taxonomy":"product_brand","embeddable":true,"href":"https:\/\/reidastelhas.com.br\/loja\/wp-json\/wp\/v2\/product_brand?post=1923"},{"taxonomy":"product_cat","embeddable":true,"href":"https:\/\/reidastelhas.com.br\/loja\/wp-json\/wp\/v2\/product_cat?post=1923"},{"taxonomy":"product_tag","embeddable":true,"href":"https:\/\/reidastelhas.com.br\/loja\/wp-json\/wp\/v2\/product_tag?post=1923"}],"curies":[{"name":"wp","href":"https:\/\/api.w.org\/{rel}","templated":true}]}}