{"id":1972,"date":"2025-11-27T13:55:15","date_gmt":"2025-11-27T16:55:15","guid":{"rendered":"https:\/\/reidastelhas.com.br\/loja\/?post_type=product&#038;p=1972"},"modified":"2025-11-27T13:55:33","modified_gmt":"2025-11-27T16:55:33","slug":"revestimento-canto-l","status":"publish","type":"product","link":"https:\/\/reidastelhas.com.br\/loja\/produto\/revestimento-canto-l\/","title":{"rendered":"Revestimento canto L quadrado"},"content":{"rendered":"<p data-start=\"115\" data-end=\"414\">O Revestimento Canto L \u00e9 a solu\u00e7\u00e3o ideal para garantir acabamento perfeito em quinas, encontros de paredes e transi\u00e7\u00f5es entre superf\u00edcies revestidas. Projetado no formato em \u201cL\u201d, ele proporciona continuidade visual, refor\u00e7o estrutural e um resultado final muito mais elegante e profissional.<\/p>\n<p data-start=\"416\" data-end=\"664\">Seu design facilita a aplica\u00e7\u00e3o e assegura alinhamento preciso, evitando cortes improvisados e aumentando a durabilidade do revestimento. Vers\u00e1til, pode ser utilizado em \u00e1reas internas e externas, harmonizando com diferentes estilos arquitet\u00f4nicos.<\/p>\n","protected":false},"excerpt":{"rendered":"<p>Medidas: 5,6X10X21,5<br \/>\nRendimento: 17 pe\u00e7as por m\u00b2<\/p>\n","protected":false},"featured_media":1973,"template":"","meta":{"_joinchat":[]},"product_brand":[213],"product_cat":[23,227],"product_tag":[],"class_list":{"0":"post-1972","1":"product","2":"type-product","3":"status-publish","4":"has-post-thumbnail","6":"product_brand-almeida","7":"product_cat-revestimentos","8":"product_cat-revestimentos-naturais","10":"first","11":"instock","12":"shipping-taxable","13":"purchasable","14":"product-type-variable"},"_links":{"self":[{"href":"https:\/\/reidastelhas.com.br\/loja\/wp-json\/wp\/v2\/product\/1972","targetHints":{"allow":["GET"]}}],"collection":[{"href":"https:\/\/reidastelhas.com.br\/loja\/wp-json\/wp\/v2\/product"}],"about":[{"href":"https:\/\/reidastelhas.com.br\/loja\/wp-json\/wp\/v2\/types\/product"}],"wp:featuredmedia":[{"embeddable":true,"href":"https:\/\/reidastelhas.com.br\/loja\/wp-json\/wp\/v2\/media\/1973"}],"wp:attachment":[{"href":"https:\/\/reidastelhas.com.br\/loja\/wp-json\/wp\/v2\/media?parent=1972"}],"wp:term":[{"taxonomy":"product_brand","embeddable":true,"href":"https:\/\/reidastelhas.com.br\/loja\/wp-json\/wp\/v2\/product_brand?post=1972"},{"taxonomy":"product_cat","embeddable":true,"href":"https:\/\/reidastelhas.com.br\/loja\/wp-json\/wp\/v2\/product_cat?post=1972"},{"taxonomy":"product_tag","embeddable":true,"href":"https:\/\/reidastelhas.com.br\/loja\/wp-json\/wp\/v2\/product_tag?post=1972"}],"curies":[{"name":"wp","href":"https:\/\/api.w.org\/{rel}","templated":true}]}}