{"id":1994,"date":"2025-11-29T10:34:30","date_gmt":"2025-11-29T13:34:30","guid":{"rendered":"https:\/\/reidastelhas.com.br\/loja\/?post_type=product&#038;p=1994"},"modified":"2025-11-29T10:34:30","modified_gmt":"2025-11-29T13:34:30","slug":"plaqueta-rustica-branca","status":"publish","type":"product","link":"https:\/\/reidastelhas.com.br\/loja\/produto\/plaqueta-rustica-branca\/","title":{"rendered":"Plaqueta r\u00fastica branca"},"content":{"rendered":"<p data-start=\"155\" data-end=\"456\">Esse revestimento combina eleg\u00e2ncia e textura natural para transformar ambientes com um estilo moderno e acolhedor. Sua superf\u00edcie levemente irregular reproduz o charme do tijolo r\u00fastico, enquanto a tonalidade branca oferece leveza, amplitude e sofistica\u00e7\u00e3o ao espa\u00e7o.<\/p>\n<p data-start=\"458\" data-end=\"761\">Produzido com materiais de alta durabilidade, o revestimento garante excelente resist\u00eancia e acabamento de alta qualidade. Vers\u00e1til, \u00e9 ideal para aplica\u00e7\u00f5es internas e externas, valorizando paredes, fachadas, \u00e1reas gourmet, salas, halls e projetos decorativos que buscam um visual limpo e contempor\u00e2neo.<\/p>\n","protected":false},"excerpt":{"rendered":"<p>Caixa com 1 m\u00b2<br \/>\nRendimento: 60 pe\u00e7as por m\u00b2<\/p>\n","protected":false},"featured_media":1995,"template":"","meta":{"_joinchat":[]},"product_brand":[213],"product_cat":[23,228],"product_tag":[],"class_list":{"0":"post-1994","1":"product","2":"type-product","3":"status-publish","4":"has-post-thumbnail","6":"product_brand-almeida","7":"product_cat-revestimentos","8":"product_cat-revestimentos-rusticos","10":"first","11":"instock","12":"shipping-taxable","13":"purchasable","14":"product-type-simple"},"_links":{"self":[{"href":"https:\/\/reidastelhas.com.br\/loja\/wp-json\/wp\/v2\/product\/1994","targetHints":{"allow":["GET"]}}],"collection":[{"href":"https:\/\/reidastelhas.com.br\/loja\/wp-json\/wp\/v2\/product"}],"about":[{"href":"https:\/\/reidastelhas.com.br\/loja\/wp-json\/wp\/v2\/types\/product"}],"wp:featuredmedia":[{"embeddable":true,"href":"https:\/\/reidastelhas.com.br\/loja\/wp-json\/wp\/v2\/media\/1995"}],"wp:attachment":[{"href":"https:\/\/reidastelhas.com.br\/loja\/wp-json\/wp\/v2\/media?parent=1994"}],"wp:term":[{"taxonomy":"product_brand","embeddable":true,"href":"https:\/\/reidastelhas.com.br\/loja\/wp-json\/wp\/v2\/product_brand?post=1994"},{"taxonomy":"product_cat","embeddable":true,"href":"https:\/\/reidastelhas.com.br\/loja\/wp-json\/wp\/v2\/product_cat?post=1994"},{"taxonomy":"product_tag","embeddable":true,"href":"https:\/\/reidastelhas.com.br\/loja\/wp-json\/wp\/v2\/product_tag?post=1994"}],"curies":[{"name":"wp","href":"https:\/\/api.w.org\/{rel}","templated":true}]}}