{"id":2033,"date":"2025-12-09T09:07:05","date_gmt":"2025-12-09T12:07:05","guid":{"rendered":"https:\/\/reidastelhas.com.br\/loja\/?post_type=product&#038;p=2033"},"modified":"2025-12-09T09:33:24","modified_gmt":"2025-12-09T12:33:24","slug":"cobogo-30x30-estrela","status":"publish","type":"product","link":"https:\/\/reidastelhas.com.br\/loja\/produto\/cobogo-30x30-estrela\/","title":{"rendered":"COBOG\u00d3 30X30 ESTRELA"},"content":{"rendered":"<p>O Cobog\u00f3 30&#215;30 Modelo Estrela combina beleza, funcionalidade e ventila\u00e7\u00e3o natural em uma pe\u00e7a arquitet\u00f4nica vers\u00e1til. Seu desenho em formato de estrela cria efeitos de luz e sombra que valorizam qualquer ambiente, trazendo estilo e modernidade para paredes, divis\u00f3rias e fachadas.<\/p>\n","protected":false},"excerpt":{"rendered":"<p>Rendimento: 12 pe\u00e7as por m\u00b2<\/p>\n","protected":false},"featured_media":2036,"template":"","meta":{"_joinchat":[]},"product_brand":[230],"product_cat":[18,20],"product_tag":[],"class_list":{"0":"post-2033","1":"product","2":"type-product","3":"status-publish","4":"has-post-thumbnail","6":"product_brand-vilson","7":"product_cat-artefatos-de-concreto","8":"product_cat-cobogo","10":"first","11":"instock","12":"shipping-taxable","13":"purchasable","14":"product-type-simple"},"_links":{"self":[{"href":"https:\/\/reidastelhas.com.br\/loja\/wp-json\/wp\/v2\/product\/2033","targetHints":{"allow":["GET"]}}],"collection":[{"href":"https:\/\/reidastelhas.com.br\/loja\/wp-json\/wp\/v2\/product"}],"about":[{"href":"https:\/\/reidastelhas.com.br\/loja\/wp-json\/wp\/v2\/types\/product"}],"wp:featuredmedia":[{"embeddable":true,"href":"https:\/\/reidastelhas.com.br\/loja\/wp-json\/wp\/v2\/media\/2036"}],"wp:attachment":[{"href":"https:\/\/reidastelhas.com.br\/loja\/wp-json\/wp\/v2\/media?parent=2033"}],"wp:term":[{"taxonomy":"product_brand","embeddable":true,"href":"https:\/\/reidastelhas.com.br\/loja\/wp-json\/wp\/v2\/product_brand?post=2033"},{"taxonomy":"product_cat","embeddable":true,"href":"https:\/\/reidastelhas.com.br\/loja\/wp-json\/wp\/v2\/product_cat?post=2033"},{"taxonomy":"product_tag","embeddable":true,"href":"https:\/\/reidastelhas.com.br\/loja\/wp-json\/wp\/v2\/product_tag?post=2033"}],"curies":[{"name":"wp","href":"https:\/\/api.w.org\/{rel}","templated":true}]}}