{"id":2045,"date":"2025-12-09T09:23:24","date_gmt":"2025-12-09T12:23:24","guid":{"rendered":"https:\/\/reidastelhas.com.br\/loja\/?post_type=product&#038;p=2045"},"modified":"2025-12-09T09:25:20","modified_gmt":"2025-12-09T12:25:20","slug":"cobogo-40x40-16-furos-chanfro","status":"publish","type":"product","link":"https:\/\/reidastelhas.com.br\/loja\/produto\/cobogo-40x40-16-furos-chanfro\/","title":{"rendered":"COBOG\u00d3 40X40 16 FUROS CHANFRO"},"content":{"rendered":"<p>O Cobog\u00f3 40&#215;40 com 16 Furos Chanfrado \u00e9 uma pe\u00e7a arquitet\u00f4nica robusta e elegante, ideal para quem busca ventila\u00e7\u00e3o, ilumina\u00e7\u00e3o natural e um design moderno em ambientes internos e externos. Seu acabamento chanfrado valoriza o visual da parede, criando profundidade, sombras decorativas e um estilo contempor\u00e2neo.<\/p>\n","protected":false},"excerpt":{"rendered":"<p>Rendimento: 7 pe\u00e7as por m\u00b2<\/p>\n","protected":false},"featured_media":2047,"template":"","meta":{"_joinchat":[]},"product_brand":[230],"product_cat":[18,20],"product_tag":[],"class_list":{"0":"post-2045","1":"product","2":"type-product","3":"status-publish","4":"has-post-thumbnail","6":"product_brand-vilson","7":"product_cat-artefatos-de-concreto","8":"product_cat-cobogo","10":"first","11":"instock","12":"shipping-taxable","13":"purchasable","14":"product-type-simple"},"_links":{"self":[{"href":"https:\/\/reidastelhas.com.br\/loja\/wp-json\/wp\/v2\/product\/2045","targetHints":{"allow":["GET"]}}],"collection":[{"href":"https:\/\/reidastelhas.com.br\/loja\/wp-json\/wp\/v2\/product"}],"about":[{"href":"https:\/\/reidastelhas.com.br\/loja\/wp-json\/wp\/v2\/types\/product"}],"wp:featuredmedia":[{"embeddable":true,"href":"https:\/\/reidastelhas.com.br\/loja\/wp-json\/wp\/v2\/media\/2047"}],"wp:attachment":[{"href":"https:\/\/reidastelhas.com.br\/loja\/wp-json\/wp\/v2\/media?parent=2045"}],"wp:term":[{"taxonomy":"product_brand","embeddable":true,"href":"https:\/\/reidastelhas.com.br\/loja\/wp-json\/wp\/v2\/product_brand?post=2045"},{"taxonomy":"product_cat","embeddable":true,"href":"https:\/\/reidastelhas.com.br\/loja\/wp-json\/wp\/v2\/product_cat?post=2045"},{"taxonomy":"product_tag","embeddable":true,"href":"https:\/\/reidastelhas.com.br\/loja\/wp-json\/wp\/v2\/product_tag?post=2045"}],"curies":[{"name":"wp","href":"https:\/\/api.w.org\/{rel}","templated":true}]}}