{"id":2078,"date":"2025-12-09T09:46:56","date_gmt":"2025-12-09T12:46:56","guid":{"rendered":"https:\/\/reidastelhas.com.br\/loja\/?post_type=product&#038;p=2078"},"modified":"2025-12-09T09:52:52","modified_gmt":"2025-12-09T12:52:52","slug":"cobogo-40x40-flor","status":"publish","type":"product","link":"https:\/\/reidastelhas.com.br\/loja\/produto\/cobogo-40x40-flor\/","title":{"rendered":"COBOG\u00d3 40X40 FLOR"},"content":{"rendered":"<p>O Cobog\u00f3 40&#215;40 Modelo Flor \u00e9 uma pe\u00e7a arquitet\u00f4nica decorativa em concreto que une beleza, ventila\u00e7\u00e3o e luminosidade natural. Seu design em formato de flor traz um toque elegante e org\u00e2nico aos ambientes, criando jogos de luz e sombra que valorizam tanto \u00e1reas internas quanto externas.<\/p>\n","protected":false},"excerpt":{"rendered":"<p>Rendimento: 7 pe\u00e7as por m\u00b2<\/p>\n","protected":false},"featured_media":2082,"template":"","meta":{"_joinchat":[]},"product_brand":[230],"product_cat":[18,20],"product_tag":[],"class_list":{"0":"post-2078","1":"product","2":"type-product","3":"status-publish","4":"has-post-thumbnail","6":"product_brand-vilson","7":"product_cat-artefatos-de-concreto","8":"product_cat-cobogo","10":"first","11":"instock","12":"shipping-taxable","13":"purchasable","14":"product-type-simple"},"_links":{"self":[{"href":"https:\/\/reidastelhas.com.br\/loja\/wp-json\/wp\/v2\/product\/2078","targetHints":{"allow":["GET"]}}],"collection":[{"href":"https:\/\/reidastelhas.com.br\/loja\/wp-json\/wp\/v2\/product"}],"about":[{"href":"https:\/\/reidastelhas.com.br\/loja\/wp-json\/wp\/v2\/types\/product"}],"wp:featuredmedia":[{"embeddable":true,"href":"https:\/\/reidastelhas.com.br\/loja\/wp-json\/wp\/v2\/media\/2082"}],"wp:attachment":[{"href":"https:\/\/reidastelhas.com.br\/loja\/wp-json\/wp\/v2\/media?parent=2078"}],"wp:term":[{"taxonomy":"product_brand","embeddable":true,"href":"https:\/\/reidastelhas.com.br\/loja\/wp-json\/wp\/v2\/product_brand?post=2078"},{"taxonomy":"product_cat","embeddable":true,"href":"https:\/\/reidastelhas.com.br\/loja\/wp-json\/wp\/v2\/product_cat?post=2078"},{"taxonomy":"product_tag","embeddable":true,"href":"https:\/\/reidastelhas.com.br\/loja\/wp-json\/wp\/v2\/product_tag?post=2078"}],"curies":[{"name":"wp","href":"https:\/\/api.w.org\/{rel}","templated":true}]}}