{"id":2085,"date":"2025-12-09T10:02:39","date_gmt":"2025-12-09T13:02:39","guid":{"rendered":"https:\/\/reidastelhas.com.br\/loja\/?post_type=product&#038;p=2085"},"modified":"2025-12-09T10:18:16","modified_gmt":"2025-12-09T13:18:16","slug":"cobogo-40x40-quatro-pontas","status":"publish","type":"product","link":"https:\/\/reidastelhas.com.br\/loja\/produto\/cobogo-40x40-quatro-pontas\/","title":{"rendered":"COBOG\u00d3 40X40 QUATRO PONTAS"},"content":{"rendered":"<p>O Cobog\u00f3 40&#215;40 Modelo Quatro Pontas \u00e9 uma pe\u00e7a arquitet\u00f4nica em concreto desenvolvida para oferecer ventila\u00e7\u00e3o, ilumina\u00e7\u00e3o natural e est\u00e9tica moderna. Seu design geom\u00e9trico de quatro pontas cria um visual marcante, com efeitos de luz e sombra que valorizam qualquer ambiente.<\/p>\n","protected":false},"excerpt":{"rendered":"<p>Rendimento: 7 pe\u00e7as por m\u00b2<\/p>\n","protected":false},"featured_media":2090,"template":"","meta":{"_joinchat":[]},"product_brand":[230],"product_cat":[18,20],"product_tag":[],"class_list":{"0":"post-2085","1":"product","2":"type-product","3":"status-publish","4":"has-post-thumbnail","6":"product_brand-vilson","7":"product_cat-artefatos-de-concreto","8":"product_cat-cobogo","10":"first","11":"instock","12":"shipping-taxable","13":"purchasable","14":"product-type-simple"},"_links":{"self":[{"href":"https:\/\/reidastelhas.com.br\/loja\/wp-json\/wp\/v2\/product\/2085","targetHints":{"allow":["GET"]}}],"collection":[{"href":"https:\/\/reidastelhas.com.br\/loja\/wp-json\/wp\/v2\/product"}],"about":[{"href":"https:\/\/reidastelhas.com.br\/loja\/wp-json\/wp\/v2\/types\/product"}],"wp:featuredmedia":[{"embeddable":true,"href":"https:\/\/reidastelhas.com.br\/loja\/wp-json\/wp\/v2\/media\/2090"}],"wp:attachment":[{"href":"https:\/\/reidastelhas.com.br\/loja\/wp-json\/wp\/v2\/media?parent=2085"}],"wp:term":[{"taxonomy":"product_brand","embeddable":true,"href":"https:\/\/reidastelhas.com.br\/loja\/wp-json\/wp\/v2\/product_brand?post=2085"},{"taxonomy":"product_cat","embeddable":true,"href":"https:\/\/reidastelhas.com.br\/loja\/wp-json\/wp\/v2\/product_cat?post=2085"},{"taxonomy":"product_tag","embeddable":true,"href":"https:\/\/reidastelhas.com.br\/loja\/wp-json\/wp\/v2\/product_tag?post=2085"}],"curies":[{"name":"wp","href":"https:\/\/api.w.org\/{rel}","templated":true}]}}