{"id":2093,"date":"2025-12-09T10:06:45","date_gmt":"2025-12-09T13:06:45","guid":{"rendered":"https:\/\/reidastelhas.com.br\/loja\/?post_type=product&#038;p=2093"},"modified":"2025-12-09T10:18:54","modified_gmt":"2025-12-09T13:18:54","slug":"cobogo-40x40-taco-chines","status":"publish","type":"product","link":"https:\/\/reidastelhas.com.br\/loja\/produto\/cobogo-40x40-taco-chines\/","title":{"rendered":"COBOG\u00d3 40X40 TACO CHINES"},"content":{"rendered":"<p>O Cobog\u00f3 40&#215;40 Modelo Taco Chin\u00eas \u00e9 uma pe\u00e7a arquitet\u00f4nica em concreto projetada para unir design tradicional oriental, ventila\u00e7\u00e3o natural e efeitos decorativos sofisticados. Seu desenho caracter\u00edstico, inspirado nos padr\u00f5es chineses, traz personalidade e eleg\u00e2ncia a qualquer ambiente, criando jogos de luz e sombra que valorizam o projeto.<\/p>\n","protected":false},"excerpt":{"rendered":"<p>Rendimento: 7 pe\u00e7as por m\u00b2<\/p>\n","protected":false},"featured_media":2101,"template":"","meta":{"_joinchat":[]},"product_brand":[230],"product_cat":[18,20],"product_tag":[],"class_list":{"0":"post-2093","1":"product","2":"type-product","3":"status-publish","4":"has-post-thumbnail","6":"product_brand-vilson","7":"product_cat-artefatos-de-concreto","8":"product_cat-cobogo","10":"first","11":"instock","12":"shipping-taxable","13":"purchasable","14":"product-type-simple"},"_links":{"self":[{"href":"https:\/\/reidastelhas.com.br\/loja\/wp-json\/wp\/v2\/product\/2093","targetHints":{"allow":["GET"]}}],"collection":[{"href":"https:\/\/reidastelhas.com.br\/loja\/wp-json\/wp\/v2\/product"}],"about":[{"href":"https:\/\/reidastelhas.com.br\/loja\/wp-json\/wp\/v2\/types\/product"}],"wp:featuredmedia":[{"embeddable":true,"href":"https:\/\/reidastelhas.com.br\/loja\/wp-json\/wp\/v2\/media\/2101"}],"wp:attachment":[{"href":"https:\/\/reidastelhas.com.br\/loja\/wp-json\/wp\/v2\/media?parent=2093"}],"wp:term":[{"taxonomy":"product_brand","embeddable":true,"href":"https:\/\/reidastelhas.com.br\/loja\/wp-json\/wp\/v2\/product_brand?post=2093"},{"taxonomy":"product_cat","embeddable":true,"href":"https:\/\/reidastelhas.com.br\/loja\/wp-json\/wp\/v2\/product_cat?post=2093"},{"taxonomy":"product_tag","embeddable":true,"href":"https:\/\/reidastelhas.com.br\/loja\/wp-json\/wp\/v2\/product_tag?post=2093"}],"curies":[{"name":"wp","href":"https:\/\/api.w.org\/{rel}","templated":true}]}}