{"id":2104,"date":"2025-12-10T08:42:54","date_gmt":"2025-12-10T11:42:54","guid":{"rendered":"https:\/\/reidastelhas.com.br\/loja\/?post_type=product&#038;p=2104"},"modified":"2025-12-10T08:46:10","modified_gmt":"2025-12-10T11:46:10","slug":"banco-de-praca-com-encosto-120-m","status":"publish","type":"product","link":"https:\/\/reidastelhas.com.br\/loja\/produto\/banco-de-praca-com-encosto-120-m\/","title":{"rendered":"BANCO DE PRA\u00c7A COM ENCOSTO"},"content":{"rendered":"<p>O Banco de Pra\u00e7a com Encosto 1,20 m \u00e9 a escolha ideal para \u00e1reas externas que exigem resist\u00eancia, conforto e um visual cl\u00e1ssico. Perfeito para pra\u00e7as, jardins, \u00e1reas p\u00fablicas, condom\u00ednios, escolas e espa\u00e7os de lazer, ele oferece um assento confort\u00e1vel e apoio seguro para as costas, garantindo descanso e comodidade.<\/p>\n","protected":false},"excerpt":{"rendered":"<p>Medida: 1,20 metros<\/p>\n","protected":false},"featured_media":2105,"template":"","meta":{"_joinchat":[]},"product_brand":[229],"product_cat":[18,19],"product_tag":[],"class_list":{"0":"post-2104","1":"product","2":"type-product","3":"status-publish","4":"has-post-thumbnail","6":"product_brand-artefatos-schmitt","7":"product_cat-artefatos-de-concreto","8":"product_cat-mesas-e-bancos","10":"first","11":"instock","12":"shipping-taxable","13":"purchasable","14":"product-type-variable"},"_links":{"self":[{"href":"https:\/\/reidastelhas.com.br\/loja\/wp-json\/wp\/v2\/product\/2104","targetHints":{"allow":["GET"]}}],"collection":[{"href":"https:\/\/reidastelhas.com.br\/loja\/wp-json\/wp\/v2\/product"}],"about":[{"href":"https:\/\/reidastelhas.com.br\/loja\/wp-json\/wp\/v2\/types\/product"}],"wp:featuredmedia":[{"embeddable":true,"href":"https:\/\/reidastelhas.com.br\/loja\/wp-json\/wp\/v2\/media\/2105"}],"wp:attachment":[{"href":"https:\/\/reidastelhas.com.br\/loja\/wp-json\/wp\/v2\/media?parent=2104"}],"wp:term":[{"taxonomy":"product_brand","embeddable":true,"href":"https:\/\/reidastelhas.com.br\/loja\/wp-json\/wp\/v2\/product_brand?post=2104"},{"taxonomy":"product_cat","embeddable":true,"href":"https:\/\/reidastelhas.com.br\/loja\/wp-json\/wp\/v2\/product_cat?post=2104"},{"taxonomy":"product_tag","embeddable":true,"href":"https:\/\/reidastelhas.com.br\/loja\/wp-json\/wp\/v2\/product_tag?post=2104"}],"curies":[{"name":"wp","href":"https:\/\/api.w.org\/{rel}","templated":true}]}}