{"id":2119,"date":"2025-12-10T09:11:17","date_gmt":"2025-12-10T12:11:17","guid":{"rendered":"https:\/\/reidastelhas.com.br\/loja\/?post_type=product&#038;p=2119"},"modified":"2025-12-10T09:55:21","modified_gmt":"2025-12-10T12:55:21","slug":"banco-reto-sem-encosto","status":"publish","type":"product","link":"https:\/\/reidastelhas.com.br\/loja\/produto\/banco-reto-sem-encosto\/","title":{"rendered":"BANCO RETO SEM ENCOSTO"},"content":{"rendered":"<p>O Banco Reto Sem Encosto de Concreto \u00e9 a escolha ideal para \u00e1reas externas que necessitam de um assento resistente, dur\u00e1vel e de f\u00e1cil manuten\u00e7\u00e3o. Com design simples e elegante, ele se adapta perfeitamente a ambientes p\u00fablicos e privados, oferecendo praticidade e longa vida \u00fatil mesmo sob exposi\u00e7\u00e3o constante ao sol e chuva.<\/p>\n","protected":false},"excerpt":{"rendered":"<p>O Banco Reto Sem Encosto de Concreto \u00e9 a escolha ideal para \u00e1reas externas que necessitam de um assento resistente, dur\u00e1vel e de f\u00e1cil manuten\u00e7\u00e3o. Com design simples e elegante, ele se adapta perfeitamente a ambientes p\u00fablicos e privados, oferecendo praticidade e longa vida \u00fatil mesmo sob exposi\u00e7\u00e3o constante ao sol e chuva.<\/p>\n","protected":false},"featured_media":2137,"template":"","meta":{"_joinchat":[]},"product_brand":[229],"product_cat":[18,19],"product_tag":[],"class_list":{"0":"post-2119","1":"product","2":"type-product","3":"status-publish","4":"has-post-thumbnail","6":"product_brand-artefatos-schmitt","7":"product_cat-artefatos-de-concreto","8":"product_cat-mesas-e-bancos","10":"first","11":"instock","12":"shipping-taxable","13":"purchasable","14":"product-type-variable"},"_links":{"self":[{"href":"https:\/\/reidastelhas.com.br\/loja\/wp-json\/wp\/v2\/product\/2119","targetHints":{"allow":["GET"]}}],"collection":[{"href":"https:\/\/reidastelhas.com.br\/loja\/wp-json\/wp\/v2\/product"}],"about":[{"href":"https:\/\/reidastelhas.com.br\/loja\/wp-json\/wp\/v2\/types\/product"}],"wp:featuredmedia":[{"embeddable":true,"href":"https:\/\/reidastelhas.com.br\/loja\/wp-json\/wp\/v2\/media\/2137"}],"wp:attachment":[{"href":"https:\/\/reidastelhas.com.br\/loja\/wp-json\/wp\/v2\/media?parent=2119"}],"wp:term":[{"taxonomy":"product_brand","embeddable":true,"href":"https:\/\/reidastelhas.com.br\/loja\/wp-json\/wp\/v2\/product_brand?post=2119"},{"taxonomy":"product_cat","embeddable":true,"href":"https:\/\/reidastelhas.com.br\/loja\/wp-json\/wp\/v2\/product_cat?post=2119"},{"taxonomy":"product_tag","embeddable":true,"href":"https:\/\/reidastelhas.com.br\/loja\/wp-json\/wp\/v2\/product_tag?post=2119"}],"curies":[{"name":"wp","href":"https:\/\/api.w.org\/{rel}","templated":true}]}}